{"id":6189,"date":"2021-04-28T09:08:09","date_gmt":"2021-04-28T09:08:09","guid":{"rendered":"http:\/\/parklexprodema.com\/legal-section\/"},"modified":"2026-01-21T18:27:17","modified_gmt":"2026-01-21T17:27:17","slug":"legal-section","status":"publish","type":"page","link":"https:\/\/parklexprodema.com\/it\/legal-section\/","title":{"rendered":"Sezione Legale"},"content":{"rendered":"<h2 class=\"wp-block-heading\">1. Dati identificativi <\/h2><p>La SOCIET\u00c0 titolare del sito \u00ab <a href=\"https:\/\/www.parklexprodema.com\" target=\"_blank\" rel=\"noreferrer noopener\">www.parklexprodema.com<\/a> \u00bb \u00e8 \u00ab PARKLEX PRODEMA INT, S.L. \u00bb, con sede in Barrio San Miguel, n9, 20.250 \u2013 Legorreta, C.I.F. (Codice di Identificazione Fiscale) B75170209 ed e-mail <a href=\"mailto:parklexprodema@parklexprodema.com\">parklexprodema@parklexprodema.com<\/a> <\/p><h2 class=\"wp-block-heading\">2. Propriet\u00e0 intellettuale del sito web <\/h2><p>Tutti i diritti di propriet\u00e0 intellettuale relativi ai contenuti di questo sito web, al suo design grafico e ai codici sorgente, sono di propriet\u00e0 esclusiva di \u00ab <a href=\"https:\/\/www.parklexprodema.com\" target=\"_blank\" rel=\"noreferrer noopener\">www.parklexprodema.com<\/a> \u00bb, a cui spetta l&#8217;esercizio esclusivo dei diritti di sfruttamento degli stessi. \u00c8 pertanto vietata la riproduzione, distribuzione, comunicazione pubblica o modifica, totale o parziale, senza l&#8217;espressa autorizzazione di \u00ab PARKLEX PRODEMA INT, S.L. \u00bb. Allo stesso modo, tutti i nomi commerciali, i marchi o i segni distintivi contenuti in questo sito web sono protetti dalla legge.<\/p><h2 class=\"wp-block-heading\">3. Contenuto del sito web e link <\/h2><p>\u00ab PARKLEX PRODEMA INT, S.L. \u00bb non si assume alcuna responsabilit\u00e0 per l&#8217;uso improprio dei contenuti del proprio sito web, essendo la responsabilit\u00e0 esclusiva della persona che vi accede o li utilizza. Non si assume inoltre alcuna responsabilit\u00e0 per le informazioni contenute nei siti web di terzi a cui si possa accedere tramite link o motori di ricerca dal sito \u00ab <a href=\"https:\/\/www.parklexprodema.com\" target=\"_blank\" rel=\"noreferrer noopener\">www.parklexprodema.com<\/a> \u00bb.<\/p><h2 class=\"wp-block-heading\">4. Aggiornamenti o modifiche del sito web <\/h2><p>\u00ab <a href=\"https:\/\/www.parklexprodema.com\" target=\"_blank\" rel=\"noreferrer noopener\">www.parklexprodema.com<\/a> \u00bb si riserva il diritto di aggiornare, modificare o eliminare le informazioni contenute nel proprio sito web, nonch\u00e9 la sua configurazione o presentazione, in qualsiasi momento, senza preavviso e senza assumersi alcuna responsabilit\u00e0 al riguardo.<\/p><h2 class=\"wp-block-heading\">5. Indicazioni relative agli aspetti tecnici <\/h2><p>\u00ab PARKLEX PRODEMA INT, S.L. \u00bb non si assume alcuna responsabilit\u00e0 derivante da problemi tecnici o guasti alle apparecchiature informatiche non imputabili alla nostra Societ\u00e0, che si verifichino durante la connessione alla rete Internet, nonch\u00e9 per danni che potrebbero essere causati da terzi mediante intrusioni illegittime al di fuori del controllo di \u00ab <a href=\"https:\/\/www.parklexprodema.com\" target=\"_blank\" rel=\"noreferrer noopener\">www.parklexprodema.com<\/a> \u00bb. La societ\u00e0 \u00e8 inoltre esonerata da ogni responsabilit\u00e0 per eventuali danni o pregiudizi che l&#8217;utente potrebbe subire a causa di errori, difetti o omissioni nelle informazioni fornite, qualora queste provengano da fonti esterne.<\/p><h2 class=\"wp-block-heading\">6. Trattamento dei dati dell&#8217;utente <\/h2><p>In conformit\u00e0 con la Legge Organica 15\/1999, del 13 dicembre, sulla Protezione dei Dati di Carattere Personale, \u00ab <a href=\"https:\/\/www.parklexprodema.com\" target=\"_blank\" rel=\"noreferrer noopener\">www.parklexprodema.com<\/a> \u00bb informa i propri clienti che i dati forniti saranno inseriti in un archivio automatizzato di dati personali, creato e mantenuto sotto la responsabilit\u00e0 di \u00ab PARKLEX PRODEMA INT, S.L. \u00bb. La finalit\u00e0 di tale archivio \u00e8 quella di inviare ai nostri clienti, in futuro, offerte commerciali su prodotti e servizi che possano essere di loro interesse. \u00ab <a href=\"https:\/\/www.parklexprodema.com\" target=\"_blank\" rel=\"noreferrer noopener\">www.parklexprodema.com<\/a> \u00bb garantisce la sicurezza e la riservatezza dei dati forniti. Si impegna pertanto ad adempiere all&#8217;obbligo di segretezza dei dati personali e al proprio dovere di conservarli, adottando tutte le misure necessarie per evitarne l&#8217;alterazione, la perdita, il trattamento o l&#8217;uso non autorizzato. Nessuna informazione fornita dai nostri clienti sar\u00e0 utilizzata per scopi commerciali o ceduta a terzi. I clienti\/utenti di \u00ab <a href=\"https:\/\/www.parklexprodema.com\" target=\"_blank\" rel=\"noreferrer noopener\">www.parklexprodema.com<\/a> \u00bb possono in qualsiasi momento esercitare i propri diritti di accesso, rettifica, cancellazione e opposizione scrivendo al nostro indirizzo e-mail: <a href=\"mailto:parklexprodema@parklexprodema.com\">parklexprodema@parklexprodema.com<\/a><\/p><h2 class=\"wp-block-heading block-editor-rich-text__editable block-editor-block-list__block wp-block rich-text\" id=\"block-598d1390-db6c-4cf7-803d-5c53731cb20d\">7. Legislazione applicabile e foro competente <\/h2><p class=\"block-editor-rich-text__editable block-editor-block-list__block wp-block rich-text\" id=\"block-598d1390-db6c-4cf7-803d-5c53731cb20d\">In linea generale, i rapporti con i nostri clienti derivanti dalla prestazione dei servizi contenuti nel nostro sito web sono soggetti alla legislazione e alla giurisdizione spagnola. Gli utenti del nostro sito web sono consapevoli di quanto sopra e lo accettano volontariamente. Se desiderate inviare commenti o suggerimenti, potete farlo tramite il nostro indirizzo e-mail <a href=\"mailto:parklexprodema@parklexprodema.com\">parklexprodema@parklexprodema.com<\/a><\/p><div class=\"block-list-appender wp-block\" tabindex=\"-1\">&nbsp;<\/div>","protected":false},"excerpt":{"rendered":"<p>1. Dati identificativi La SOCIET\u00c0 titolare del sito \u00ab www.parklexprodema.com \u00bb \u00e8 \u00ab PARKLEX PRODEMA INT, S.L. \u00bb, con sede in Barrio San Miguel, n9, 20.250 \u2013 Legorreta, C.I.F. (Codice di Identificazione Fiscale) B75170209 ed e-mail parklexprodema@parklexprodema.com 2. Propriet\u00e0 intellettuale del sito web Tutti i diritti di propriet\u00e0 intellettuale relativi ai contenuti di questo sito [&hellip;]<\/p>\n","protected":false},"author":10000094,"featured_media":0,"parent":0,"menu_order":164,"comment_status":"closed","ping_status":"closed","template":"template-parts\/template-privacy.php","meta":{"_acf_changed":false,"inline_featured_image":false,"footnotes":""},"class_list":["post-6189","page","type-page","status-publish","hentry"],"acf":[],"yoast_head":"<!-- This site is optimized with the Yoast SEO plugin v27.0 - https:\/\/yoast.com\/product\/yoast-seo-wordpress\/ -->\n<title>Sezione Legale &#8212; Parklex Prodema<\/title>\n<meta name=\"robots\" content=\"index, follow, max-snippet:-1, max-image-preview:large, max-video-preview:-1\" \/>\n<link rel=\"canonical\" href=\"https:\/\/parklexprodema.com\/it\/legal-section\/\" \/>\n<meta property=\"og:locale\" content=\"it_IT\" \/>\n<meta property=\"og:type\" content=\"article\" \/>\n<meta property=\"og:title\" content=\"Sezione Legale &#8212; Parklex Prodema\" \/>\n<meta property=\"og:description\" content=\"1. Dati identificativi La SOCIET\u00c0 titolare del sito \u00ab www.parklexprodema.com \u00bb \u00e8 \u00ab PARKLEX PRODEMA INT, S.L. \u00bb, con sede in Barrio San Miguel, n9, 20.250 \u2013 Legorreta, C.I.F. (Codice di Identificazione Fiscale) B75170209 ed e-mail parklexprodema@parklexprodema.com 2. Propriet\u00e0 intellettuale del sito web Tutti i diritti di propriet\u00e0 intellettuale relativi ai contenuti di questo sito [&hellip;]\" \/>\n<meta property=\"og:url\" content=\"https:\/\/parklexprodema.com\/it\/legal-section\/\" \/>\n<meta property=\"og:site_name\" content=\"Parklex Prodema\" \/>\n<meta property=\"article:publisher\" content=\"https:\/\/www.facebook.com\/parklexprodema\" \/>\n<meta property=\"article:modified_time\" content=\"2026-01-21T17:27:17+00:00\" \/>\n<meta name=\"twitter:card\" content=\"summary_large_image\" \/>\n<meta name=\"twitter:label1\" content=\"Tempo di lettura stimato\" \/>\n\t<meta name=\"twitter:data1\" content=\"3 minuti\" \/>\n<script type=\"application\/ld+json\" class=\"yoast-schema-graph\">{\"@context\":\"https:\/\/schema.org\",\"@graph\":[{\"@type\":\"WebPage\",\"@id\":\"https:\/\/parklexprodema.com\/it\/legal-section\/\",\"url\":\"https:\/\/parklexprodema.com\/it\/legal-section\/\",\"name\":\"Sezione Legale &#8212; Parklex Prodema\",\"isPartOf\":{\"@id\":\"https:\/\/parklexprodema.com\/it\/#website\"},\"datePublished\":\"2021-04-28T09:08:09+00:00\",\"dateModified\":\"2026-01-21T17:27:17+00:00\",\"breadcrumb\":{\"@id\":\"https:\/\/parklexprodema.com\/it\/legal-section\/#breadcrumb\"},\"inLanguage\":\"it-IT\",\"potentialAction\":[{\"@type\":\"ReadAction\",\"target\":[\"https:\/\/parklexprodema.com\/it\/legal-section\/\"]}]},{\"@type\":\"BreadcrumbList\",\"@id\":\"https:\/\/parklexprodema.com\/it\/legal-section\/#breadcrumb\",\"itemListElement\":[{\"@type\":\"ListItem\",\"position\":1,\"name\":\"Home\",\"item\":\"https:\/\/parklexprodema.com\/it\/\"},{\"@type\":\"ListItem\",\"position\":2,\"name\":\"Sezione Legale\"}]},{\"@type\":\"WebSite\",\"@id\":\"https:\/\/parklexprodema.com\/it\/#website\",\"url\":\"https:\/\/parklexprodema.com\/it\/\",\"name\":\"Parklex Prodema\",\"description\":\"Pannelli in Legno per l&#039;Architettura\",\"publisher\":{\"@id\":\"https:\/\/parklexprodema.com\/it\/#organization\"},\"potentialAction\":[{\"@type\":\"SearchAction\",\"target\":{\"@type\":\"EntryPoint\",\"urlTemplate\":\"https:\/\/parklexprodema.com\/it\/?s={search_term_string}\"},\"query-input\":{\"@type\":\"PropertyValueSpecification\",\"valueRequired\":true,\"valueName\":\"search_term_string\"}}],\"inLanguage\":\"it-IT\"},{\"@type\":\"Organization\",\"@id\":\"https:\/\/parklexprodema.com\/it\/#organization\",\"name\":\"Parklex Prodema\",\"url\":\"https:\/\/parklexprodema.com\/it\/\",\"logo\":{\"@type\":\"ImageObject\",\"inLanguage\":\"it-IT\",\"@id\":\"https:\/\/parklexprodema.com\/it\/#\/schema\/logo\/image\/\",\"url\":\"https:\/\/parklexprodema.com\/wp-content\/uploads\/2023\/01\/ParklexProdema-Logo.png\",\"contentUrl\":\"https:\/\/parklexprodema.com\/wp-content\/uploads\/2023\/01\/ParklexProdema-Logo.png\",\"width\":600,\"height\":155,\"caption\":\"Parklex Prodema\"},\"image\":{\"@id\":\"https:\/\/parklexprodema.com\/it\/#\/schema\/logo\/image\/\"},\"sameAs\":[\"https:\/\/www.facebook.com\/parklexprodema\",\"https:\/\/www.instagram.com\/parklexprodema\/\",\"https:\/\/www.linkedin.com\/company\/parklexprodema\/\"]}]}<\/script>\n<!-- \/ Yoast SEO plugin. -->","yoast_head_json":{"title":"Sezione Legale &#8212; Parklex Prodema","robots":{"index":"index","follow":"follow","max-snippet":"max-snippet:-1","max-image-preview":"max-image-preview:large","max-video-preview":"max-video-preview:-1"},"canonical":"https:\/\/parklexprodema.com\/it\/legal-section\/","og_locale":"it_IT","og_type":"article","og_title":"Sezione Legale &#8212; Parklex Prodema","og_description":"1. Dati identificativi La SOCIET\u00c0 titolare del sito \u00ab www.parklexprodema.com \u00bb \u00e8 \u00ab PARKLEX PRODEMA INT, S.L. \u00bb, con sede in Barrio San Miguel, n9, 20.250 \u2013 Legorreta, C.I.F. (Codice di Identificazione Fiscale) B75170209 ed e-mail parklexprodema@parklexprodema.com 2. Propriet\u00e0 intellettuale del sito web Tutti i diritti di propriet\u00e0 intellettuale relativi ai contenuti di questo sito [&hellip;]","og_url":"https:\/\/parklexprodema.com\/it\/legal-section\/","og_site_name":"Parklex Prodema","article_publisher":"https:\/\/www.facebook.com\/parklexprodema","article_modified_time":"2026-01-21T17:27:17+00:00","twitter_card":"summary_large_image","twitter_misc":{"Tempo di lettura stimato":"3 minuti"},"schema":{"@context":"https:\/\/schema.org","@graph":[{"@type":"WebPage","@id":"https:\/\/parklexprodema.com\/it\/legal-section\/","url":"https:\/\/parklexprodema.com\/it\/legal-section\/","name":"Sezione Legale &#8212; Parklex Prodema","isPartOf":{"@id":"https:\/\/parklexprodema.com\/it\/#website"},"datePublished":"2021-04-28T09:08:09+00:00","dateModified":"2026-01-21T17:27:17+00:00","breadcrumb":{"@id":"https:\/\/parklexprodema.com\/it\/legal-section\/#breadcrumb"},"inLanguage":"it-IT","potentialAction":[{"@type":"ReadAction","target":["https:\/\/parklexprodema.com\/it\/legal-section\/"]}]},{"@type":"BreadcrumbList","@id":"https:\/\/parklexprodema.com\/it\/legal-section\/#breadcrumb","itemListElement":[{"@type":"ListItem","position":1,"name":"Home","item":"https:\/\/parklexprodema.com\/it\/"},{"@type":"ListItem","position":2,"name":"Sezione Legale"}]},{"@type":"WebSite","@id":"https:\/\/parklexprodema.com\/it\/#website","url":"https:\/\/parklexprodema.com\/it\/","name":"Parklex Prodema","description":"Pannelli in Legno per l&#039;Architettura","publisher":{"@id":"https:\/\/parklexprodema.com\/it\/#organization"},"potentialAction":[{"@type":"SearchAction","target":{"@type":"EntryPoint","urlTemplate":"https:\/\/parklexprodema.com\/it\/?s={search_term_string}"},"query-input":{"@type":"PropertyValueSpecification","valueRequired":true,"valueName":"search_term_string"}}],"inLanguage":"it-IT"},{"@type":"Organization","@id":"https:\/\/parklexprodema.com\/it\/#organization","name":"Parklex Prodema","url":"https:\/\/parklexprodema.com\/it\/","logo":{"@type":"ImageObject","inLanguage":"it-IT","@id":"https:\/\/parklexprodema.com\/it\/#\/schema\/logo\/image\/","url":"https:\/\/parklexprodema.com\/wp-content\/uploads\/2023\/01\/ParklexProdema-Logo.png","contentUrl":"https:\/\/parklexprodema.com\/wp-content\/uploads\/2023\/01\/ParklexProdema-Logo.png","width":600,"height":155,"caption":"Parklex Prodema"},"image":{"@id":"https:\/\/parklexprodema.com\/it\/#\/schema\/logo\/image\/"},"sameAs":["https:\/\/www.facebook.com\/parklexprodema","https:\/\/www.instagram.com\/parklexprodema\/","https:\/\/www.linkedin.com\/company\/parklexprodema\/"]}]}},"_links":{"self":[{"href":"https:\/\/parklexprodema.com\/it\/wp-json\/wp\/v2\/pages\/6189","targetHints":{"allow":["GET"]}}],"collection":[{"href":"https:\/\/parklexprodema.com\/it\/wp-json\/wp\/v2\/pages"}],"about":[{"href":"https:\/\/parklexprodema.com\/it\/wp-json\/wp\/v2\/types\/page"}],"author":[{"embeddable":true,"href":"https:\/\/parklexprodema.com\/it\/wp-json\/wp\/v2\/users\/10000094"}],"replies":[{"embeddable":true,"href":"https:\/\/parklexprodema.com\/it\/wp-json\/wp\/v2\/comments?post=6189"}],"version-history":[{"count":7,"href":"https:\/\/parklexprodema.com\/it\/wp-json\/wp\/v2\/pages\/6189\/revisions"}],"predecessor-version":[{"id":82222,"href":"https:\/\/parklexprodema.com\/it\/wp-json\/wp\/v2\/pages\/6189\/revisions\/82222"}],"wp:attachment":[{"href":"https:\/\/parklexprodema.com\/it\/wp-json\/wp\/v2\/media?parent=6189"}],"curies":[{"name":"wp","href":"https:\/\/api.w.org\/{rel}","templated":true}]}}