{"id":82178,"date":"2026-01-21T11:21:24","date_gmt":"2026-01-21T10:21:24","guid":{"rendered":"https:\/\/parklexprodema.com\/?page_id=82178"},"modified":"2026-01-21T11:21:25","modified_gmt":"2026-01-21T10:21:25","slug":"politique-de-cookies","status":"publish","type":"page","link":"https:\/\/parklexprodema.com\/fr\/politique-de-cookies\/","title":{"rendered":"Politique relative aux Cookies"},"content":{"rendered":"<p>Cette Politique relative aux Cookies explique ce que sont les cookies et comment notre site web <a href=\"https:\/\/parklexprodema.com\/fr\/\">https:\/\/parklexprodema.com\/ <\/a>les utilise, les types de cookies que nous utilisons (c&rsquo;est-\u00e0-dire les informations que nous collectons via ces derniers et comment ces informations sont utilis\u00e9es) et comment g\u00e9rer vos param\u00e8tres de configuration.<\/p><p>Les cookies sont de petits fichiers texte utilis\u00e9s pour stocker des fragments d&rsquo;informations. Ils sont stock\u00e9s sur votre appareil lorsque le site web est charg\u00e9 sur votre navigateur. Ces cookies nous aident \u00e0 faire en sorte que le site web fonctionne correctement, qu&rsquo;il soit plus s\u00e9curis\u00e9, qu&rsquo;il offre une meilleure exp\u00e9rience utilisateur et nous permettent de comprendre les performances du site en analysant ce qui fonctionne et les points n\u00e9cessitant des am\u00e9liorations.<\/p><p><strong>Comment utilisons-nous les cookies ?<\/strong><\/p><p>Comme la plupart des services en ligne, notre site web utilise des cookies propres et des cookies tiers \u00e0 plusieurs fins. Les cookies propres sont pour la plupart n\u00e9cessaires au bon fonctionnement du site web et ne collectent aucune de vos donn\u00e9es d&rsquo;identification personnelle.<\/p><p>Les cookies tiers utilis\u00e9s sur notre site web servent principalement \u00e0 comprendre les performances du site et la mani\u00e8re dont vous interagissez avec nous, \u00e0 maintenir la s\u00e9curit\u00e9 de nos services, \u00e0 proposer des publicit\u00e9s pertinentes pour vous et, en fin de compte, \u00e0 vous offrir une exp\u00e9rience utilisateur am\u00e9lior\u00e9e, tout en aidant \u00e0 acc\u00e9l\u00e9rer vos futures interactions avec notre site web.<\/p><p><strong>Cookies techniques :<\/strong> ce type de cookies est n\u00e9cessaire au bon fonctionnement du site web et ne collecte aucune information sur l&rsquo;utilisateur.<\/p><p><strong>\u00b7\u00a0<\/strong>\u201clang\u201d cookie : Stocke la langue de navigation pr\u00e9f\u00e9r\u00e9e de l&rsquo;utilisateur.<\/p><p><strong>\u00b7\u00a0<\/strong>\u201cPHPSESSID\u201d cookie : Identifiant unique de la session de l&rsquo;utilisateur. Utilis\u00e9 pour identifier l&rsquo;utilisateur dans les zones d&rsquo;acc\u00e8s restreint.<\/p><p><strong>\u00b7\u00a0<\/strong>Analysis cookies :\u00a0Il s&rsquo;agit de cookies qui collectent des donn\u00e9es statistiques anonymes sur les mouvements de navigation de l&rsquo;utilisateur afin de g\u00e9n\u00e9rer des rapports de visite : __utma, __utmb, __utmc, __utmz : cookies utilis\u00e9s par le service statistique de Google Analytics.<\/p><p>Chrome:&nbsp;<a href=\"https:\/\/support.google.com\/accounts\/answer\/32050\" target=\"_blank\" rel=\"noreferrer noopener\">https:\/\/support.google.com\/accounts\/answer\/32050<\/a><\/p><p>Safari:&nbsp;<a href=\"https:\/\/support.apple.com\/en-in\/guide\/safari\/sfri11471\/mac\" target=\"_blank\" rel=\"noreferrer noopener\">https:\/\/support.apple.com\/en-in\/guide\/safari\/sfri11471\/mac<\/a><\/p><p>Firefox:&nbsp;<a href=\"https:\/\/support.mozilla.org\/en-US\/kb\/clear-cookies-and-site-data-firefox?redirectslug=delete-cookies-remove-info-websites-stored&amp;redirectlocale=en-US\" target=\"_blank\" rel=\"noreferrer noopener\">https:\/\/support.mozilla.org\/en-US\/kb\/clear-cookies-and-site-data-firefox?redirectslug=delete-cookies-remove-info-websites-stored&amp;redirectlocale=en-US<\/a><\/p><p>Internet Explorer:&nbsp;<a href=\"https:\/\/support.microsoft.com\/en-us\/topic\/how-to-delete-cookie-files-in-internet-explorer-bca9446f-d873-78de-77ba-d42645fa52fc\" target=\"_blank\" rel=\"noreferrer noopener\">https:\/\/support.microsoft.com\/en-us\/topic\/how-to-delete-cookie-files-in-internet-explorer-bca9446f-d873-78de-77ba-d42645fa52fc<\/a><\/p><p>Si vous utilisez un autre navigateur web, veuillez consulter les documents d&rsquo;assistance officiels de votre navigateur.<\/p>","protected":false},"excerpt":{"rendered":"<p>Cette Politique relative aux Cookies explique ce que sont les cookies et comment notre site web https:\/\/parklexprodema.com\/ les utilise, les types de cookies que nous utilisons (c&rsquo;est-\u00e0-dire les informations que nous collectons via ces derniers et comment ces informations sont utilis\u00e9es) et comment g\u00e9rer vos param\u00e8tres de configuration. Les cookies sont de petits fichiers texte [&hellip;]<\/p>\n","protected":false},"author":10000252,"featured_media":0,"parent":0,"menu_order":2,"comment_status":"closed","ping_status":"closed","template":"template-parts\/template-privacy.php","meta":{"_acf_changed":false,"inline_featured_image":false,"footnotes":""},"class_list":["post-82178","page","type-page","status-publish","hentry"],"acf":[],"yoast_head":"<!-- This site is optimized with the Yoast SEO plugin v27.0 - https:\/\/yoast.com\/product\/yoast-seo-wordpress\/ -->\n<title>Politique relative aux Cookies &#8212; Parklex Prodema<\/title>\n<meta name=\"description\" content=\"D\u00e9couvrez la Politique de Cookies de Parklex Prodema : comment nous utilisons les cookies pour am\u00e9liorer votre navigation et comment g\u00e9rer vos pr\u00e9f\u00e9rences\" \/>\n<meta name=\"robots\" content=\"index, follow, max-snippet:-1, max-image-preview:large, max-video-preview:-1\" \/>\n<link rel=\"canonical\" href=\"https:\/\/parklexprodema.com\/fr\/politique-de-cookies\/\" \/>\n<meta property=\"og:locale\" content=\"fr_FR\" \/>\n<meta property=\"og:type\" content=\"article\" \/>\n<meta property=\"og:title\" content=\"Politique relative aux Cookies &#8212; Parklex Prodema\" \/>\n<meta property=\"og:description\" content=\"D\u00e9couvrez la Politique de Cookies de Parklex Prodema : comment nous utilisons les cookies pour am\u00e9liorer votre navigation et comment g\u00e9rer vos pr\u00e9f\u00e9rences\" \/>\n<meta property=\"og:url\" content=\"https:\/\/parklexprodema.com\/fr\/politique-de-cookies\/\" \/>\n<meta property=\"og:site_name\" content=\"Parklex Prodema\" \/>\n<meta property=\"article:publisher\" content=\"https:\/\/www.facebook.com\/parklexprodema\" \/>\n<meta property=\"article:modified_time\" content=\"2026-01-21T10:21:25+00:00\" \/>\n<meta name=\"twitter:card\" content=\"summary_large_image\" \/>\n<meta name=\"twitter:label1\" content=\"Dur\u00e9e de lecture estim\u00e9e\" \/>\n\t<meta name=\"twitter:data1\" content=\"2 minutes\" \/>\n<script type=\"application\/ld+json\" class=\"yoast-schema-graph\">{\"@context\":\"https:\/\/schema.org\",\"@graph\":[{\"@type\":\"WebPage\",\"@id\":\"https:\/\/parklexprodema.com\/fr\/politique-de-cookies\/\",\"url\":\"https:\/\/parklexprodema.com\/fr\/politique-de-cookies\/\",\"name\":\"Politique relative aux Cookies &#8212; Parklex Prodema\",\"isPartOf\":{\"@id\":\"https:\/\/parklexprodema.com\/fr\/#website\"},\"datePublished\":\"2026-01-21T10:21:24+00:00\",\"dateModified\":\"2026-01-21T10:21:25+00:00\",\"description\":\"D\u00e9couvrez la Politique de Cookies de Parklex Prodema : comment nous utilisons les cookies pour am\u00e9liorer votre navigation et comment g\u00e9rer vos pr\u00e9f\u00e9rences\",\"breadcrumb\":{\"@id\":\"https:\/\/parklexprodema.com\/fr\/politique-de-cookies\/#breadcrumb\"},\"inLanguage\":\"fr-FR\",\"potentialAction\":[{\"@type\":\"ReadAction\",\"target\":[\"https:\/\/parklexprodema.com\/fr\/politique-de-cookies\/\"]}]},{\"@type\":\"BreadcrumbList\",\"@id\":\"https:\/\/parklexprodema.com\/fr\/politique-de-cookies\/#breadcrumb\",\"itemListElement\":[{\"@type\":\"ListItem\",\"position\":1,\"name\":\"Home\",\"item\":\"https:\/\/parklexprodema.com\/fr\/\"},{\"@type\":\"ListItem\",\"position\":2,\"name\":\"Politique relative aux Cookies\"}]},{\"@type\":\"WebSite\",\"@id\":\"https:\/\/parklexprodema.com\/fr\/#website\",\"url\":\"https:\/\/parklexprodema.com\/fr\/\",\"name\":\"Parklex Prodema\",\"description\":\"Panneaux de Bois pour l\u2019Architecture\",\"publisher\":{\"@id\":\"https:\/\/parklexprodema.com\/fr\/#organization\"},\"potentialAction\":[{\"@type\":\"SearchAction\",\"target\":{\"@type\":\"EntryPoint\",\"urlTemplate\":\"https:\/\/parklexprodema.com\/fr\/?s={search_term_string}\"},\"query-input\":{\"@type\":\"PropertyValueSpecification\",\"valueRequired\":true,\"valueName\":\"search_term_string\"}}],\"inLanguage\":\"fr-FR\"},{\"@type\":\"Organization\",\"@id\":\"https:\/\/parklexprodema.com\/fr\/#organization\",\"name\":\"Parklex Prodema\",\"url\":\"https:\/\/parklexprodema.com\/fr\/\",\"logo\":{\"@type\":\"ImageObject\",\"inLanguage\":\"fr-FR\",\"@id\":\"https:\/\/parklexprodema.com\/fr\/#\/schema\/logo\/image\/\",\"url\":\"https:\/\/parklexprodema.com\/wp-content\/uploads\/2023\/01\/ParklexProdema-Logo.png\",\"contentUrl\":\"https:\/\/parklexprodema.com\/wp-content\/uploads\/2023\/01\/ParklexProdema-Logo.png\",\"width\":600,\"height\":155,\"caption\":\"Parklex Prodema\"},\"image\":{\"@id\":\"https:\/\/parklexprodema.com\/fr\/#\/schema\/logo\/image\/\"},\"sameAs\":[\"https:\/\/www.facebook.com\/parklexprodema\",\"https:\/\/www.instagram.com\/parklexprodema\/\",\"https:\/\/www.linkedin.com\/company\/parklexprodema\/\"]}]}<\/script>\n<!-- \/ Yoast SEO plugin. -->","yoast_head_json":{"title":"Politique relative aux Cookies &#8212; Parklex Prodema","description":"D\u00e9couvrez la Politique de Cookies de Parklex Prodema : comment nous utilisons les cookies pour am\u00e9liorer votre navigation et comment g\u00e9rer vos pr\u00e9f\u00e9rences","robots":{"index":"index","follow":"follow","max-snippet":"max-snippet:-1","max-image-preview":"max-image-preview:large","max-video-preview":"max-video-preview:-1"},"canonical":"https:\/\/parklexprodema.com\/fr\/politique-de-cookies\/","og_locale":"fr_FR","og_type":"article","og_title":"Politique relative aux Cookies &#8212; Parklex Prodema","og_description":"D\u00e9couvrez la Politique de Cookies de Parklex Prodema : comment nous utilisons les cookies pour am\u00e9liorer votre navigation et comment g\u00e9rer vos pr\u00e9f\u00e9rences","og_url":"https:\/\/parklexprodema.com\/fr\/politique-de-cookies\/","og_site_name":"Parklex Prodema","article_publisher":"https:\/\/www.facebook.com\/parklexprodema","article_modified_time":"2026-01-21T10:21:25+00:00","twitter_card":"summary_large_image","twitter_misc":{"Dur\u00e9e de lecture estim\u00e9e":"2 minutes"},"schema":{"@context":"https:\/\/schema.org","@graph":[{"@type":"WebPage","@id":"https:\/\/parklexprodema.com\/fr\/politique-de-cookies\/","url":"https:\/\/parklexprodema.com\/fr\/politique-de-cookies\/","name":"Politique relative aux Cookies &#8212; Parklex Prodema","isPartOf":{"@id":"https:\/\/parklexprodema.com\/fr\/#website"},"datePublished":"2026-01-21T10:21:24+00:00","dateModified":"2026-01-21T10:21:25+00:00","description":"D\u00e9couvrez la Politique de Cookies de Parklex Prodema : comment nous utilisons les cookies pour am\u00e9liorer votre navigation et comment g\u00e9rer vos pr\u00e9f\u00e9rences","breadcrumb":{"@id":"https:\/\/parklexprodema.com\/fr\/politique-de-cookies\/#breadcrumb"},"inLanguage":"fr-FR","potentialAction":[{"@type":"ReadAction","target":["https:\/\/parklexprodema.com\/fr\/politique-de-cookies\/"]}]},{"@type":"BreadcrumbList","@id":"https:\/\/parklexprodema.com\/fr\/politique-de-cookies\/#breadcrumb","itemListElement":[{"@type":"ListItem","position":1,"name":"Home","item":"https:\/\/parklexprodema.com\/fr\/"},{"@type":"ListItem","position":2,"name":"Politique relative aux Cookies"}]},{"@type":"WebSite","@id":"https:\/\/parklexprodema.com\/fr\/#website","url":"https:\/\/parklexprodema.com\/fr\/","name":"Parklex Prodema","description":"Panneaux de Bois pour l\u2019Architecture","publisher":{"@id":"https:\/\/parklexprodema.com\/fr\/#organization"},"potentialAction":[{"@type":"SearchAction","target":{"@type":"EntryPoint","urlTemplate":"https:\/\/parklexprodema.com\/fr\/?s={search_term_string}"},"query-input":{"@type":"PropertyValueSpecification","valueRequired":true,"valueName":"search_term_string"}}],"inLanguage":"fr-FR"},{"@type":"Organization","@id":"https:\/\/parklexprodema.com\/fr\/#organization","name":"Parklex Prodema","url":"https:\/\/parklexprodema.com\/fr\/","logo":{"@type":"ImageObject","inLanguage":"fr-FR","@id":"https:\/\/parklexprodema.com\/fr\/#\/schema\/logo\/image\/","url":"https:\/\/parklexprodema.com\/wp-content\/uploads\/2023\/01\/ParklexProdema-Logo.png","contentUrl":"https:\/\/parklexprodema.com\/wp-content\/uploads\/2023\/01\/ParklexProdema-Logo.png","width":600,"height":155,"caption":"Parklex Prodema"},"image":{"@id":"https:\/\/parklexprodema.com\/fr\/#\/schema\/logo\/image\/"},"sameAs":["https:\/\/www.facebook.com\/parklexprodema","https:\/\/www.instagram.com\/parklexprodema\/","https:\/\/www.linkedin.com\/company\/parklexprodema\/"]}]}},"_links":{"self":[{"href":"https:\/\/parklexprodema.com\/fr\/wp-json\/wp\/v2\/pages\/82178","targetHints":{"allow":["GET"]}}],"collection":[{"href":"https:\/\/parklexprodema.com\/fr\/wp-json\/wp\/v2\/pages"}],"about":[{"href":"https:\/\/parklexprodema.com\/fr\/wp-json\/wp\/v2\/types\/page"}],"author":[{"embeddable":true,"href":"https:\/\/parklexprodema.com\/fr\/wp-json\/wp\/v2\/users\/10000252"}],"replies":[{"embeddable":true,"href":"https:\/\/parklexprodema.com\/fr\/wp-json\/wp\/v2\/comments?post=82178"}],"version-history":[{"count":1,"href":"https:\/\/parklexprodema.com\/fr\/wp-json\/wp\/v2\/pages\/82178\/revisions"}],"predecessor-version":[{"id":82179,"href":"https:\/\/parklexprodema.com\/fr\/wp-json\/wp\/v2\/pages\/82178\/revisions\/82179"}],"wp:attachment":[{"href":"https:\/\/parklexprodema.com\/fr\/wp-json\/wp\/v2\/media?parent=82178"}],"curies":[{"name":"wp","href":"https:\/\/api.w.org\/{rel}","templated":true}]}}