{"id":6187,"date":"2021-04-28T09:08:09","date_gmt":"2021-04-28T09:08:09","guid":{"rendered":"http:\/\/parklexprodema.com\/legal-section\/"},"modified":"2026-01-21T18:31:15","modified_gmt":"2026-01-21T17:31:15","slug":"legal-section","status":"publish","type":"page","link":"https:\/\/parklexprodema.com\/fr\/legal-section\/","title":{"rendered":"Section Juridique"},"content":{"rendered":"<h2 class=\"wp-block-heading\">1. D\u00e9tails d&rsquo;identification <\/h2><p>La SOCI\u00c9T\u00c9 propri\u00e9taire de \u00ab <a href=\"https:\/\/www.parklexprodema.com\" target=\"_blank\" rel=\"noreferrer noopener\">www.parklexprodema.com<\/a> \u00bb est \u00ab PARKLEX PRODEMA INT, S.L. \u00bb, dont le si\u00e8ge social est situ\u00e9 \u00e0 Barrio San Miguel, n9, 20.250 \u2013 Legorreta, avec le C.I.F (code d&rsquo;identification fiscale) B75170209 et l&rsquo;adresse e-mail <a href=\"mailto:parklexprodema@parklexprodema.com\">parklexprodema@parklexprodema.com<\/a><\/p><h2 class=\"wp-block-heading\">2. Propri\u00e9t\u00e9 intellectuelle du site web <\/h2><p>Tous les droits de propri\u00e9t\u00e9 intellectuelle sur le contenu de ce site web, sa conception graphique et ses codes sources sont la propri\u00e9t\u00e9 exclusive de \u00ab <a href=\"https:\/\/www.parklexprodema.com\" target=\"_blank\" rel=\"noreferrer noopener\">www.parklexprodema.com<\/a> \u00bb, qui d\u00e9tient les droits exclusifs de leur exploitation. Il est donc interdit de les reproduire, distribuer, communiquer publiquement ou modifier, totalement ou partiellement, sans l&rsquo;autorisation expresse de \u00ab PARKLEX PRODEMA INT, S.L. \u00bb. De plus, tous les noms commerciaux, marques ou signes distinctifs contenus dans ce site web sont prot\u00e9g\u00e9s par la loi.<\/p><h2 class=\"wp-block-heading\">3. Contenu du site web et liens <\/h2><p>\u00ab PARKLEX PRODEMA INT, S.L. \u00bb d\u00e9cline toute responsabilit\u00e9 en cas de mauvaise utilisation des contenus de son site web ; dans un tel cas, la responsabilit\u00e9 incombera exclusivement \u00e0 la personne acc\u00e9dant ou utilisant ces contenus. Elle n&rsquo;assume aucune responsabilit\u00e9 pour les informations contenues dans les sites web de tiers accessibles par des liens ou des moteurs de recherche depuis le site \u00ab <a href=\"https:\/\/www.parklexprodema.com\" target=\"_blank\" rel=\"noreferrer noopener\">www.parklexprodema.com<\/a> \u00bb.<\/p><h2 class=\"wp-block-heading\">4. Mises \u00e0 jour ou modifications du site web <\/h2><p>\u00ab <a href=\"https:\/\/www.parklexprodema.com\" target=\"_blank\" rel=\"noreferrer noopener\">www.parklexprodema.com<\/a> \u00bb se r\u00e9serve le droit de mettre \u00e0 jour, modifier ou supprimer des informations de son site web, de sa configuration ou de sa pr\u00e9sentation, \u00e0 tout moment et sans pr\u00e9avis, sans assumer aucune responsabilit\u00e9 \u00e0 cet \u00e9gard.<\/p><h2 class=\"wp-block-heading\">5. Indications relatives aux aspects techniques <\/h2><p>\u00ab PARKLEX PRODEMA INT, S.L. \u00bb n&rsquo;assume aucune responsabilit\u00e9 pour les probl\u00e8mes techniques ou pannes d&rsquo;\u00e9quipement informatique non imputables \u00e0 notre Soci\u00e9t\u00e9 survenant lors de la connexion \u00e0 Internet ; il en va de m\u00eame pour les dommages potentiellement caus\u00e9s par des tiers en raison d&rsquo;intrusions ill\u00e9gitimes ind\u00e9pendantes de la volont\u00e9 de \u00ab <a href=\"https:\/\/www.parklexprodema.com\" target=\"_blank\" rel=\"noreferrer noopener\">www.parklexprodema.com<\/a> \u00bb. La soci\u00e9t\u00e9 est \u00e9galement exon\u00e9r\u00e9e de toute responsabilit\u00e9 en cas de pr\u00e9judice caus\u00e9 \u00e0 l&rsquo;utilisateur suite \u00e0 des erreurs, d\u00e9fauts ou omissions dans les informations fournies lorsque celles-ci proviennent de sources externes.<\/p><h2 class=\"wp-block-heading\">6. Traitement des donn\u00e9es des utilisateurs <\/h2><p>Conform\u00e9ment \u00e0 la loi organique 15\/1999 du 13 d\u00e9cembre relative \u00e0 la protection des donn\u00e9es \u00e0 caract\u00e8re personnel, \u00ab <a href=\"https:\/\/www.parklexprodema.com\" target=\"_blank\" rel=\"noreferrer noopener\">www.parklexprodema.com<\/a> \u00bb informe ses clients que toutes les coordonn\u00e9es fournies seront ajout\u00e9es \u00e0 un fichier personnel automatis\u00e9, cr\u00e9\u00e9 et maintenu sous la responsabilit\u00e9 de \u00ab PARKLEX PRODEMA INT, S.L. \u00bb. La finalit\u00e9 dudit fichier est d&rsquo;envoyer \u00e0 nos clients, \u00e0 l&rsquo;avenir, des offres commerciales concernant des produits et services jug\u00e9s d&rsquo;int\u00e9r\u00eat. \u00ab <a href=\"https:\/\/www.parklexprodema.com\" target=\"_blank\" rel=\"noreferrer noopener\">www.parklexprodema.com<\/a> \u00bb garantit la s\u00e9curit\u00e9 et la confidentialit\u00e9 des donn\u00e9es fournies. Elle s&rsquo;engage donc \u00e0 respecter le caract\u00e8re confidentiel desdites donn\u00e9es personnelles ainsi que son devoir de les prot\u00e9ger et de prendre toutes les mesures n\u00e9cessaires pour emp\u00eacher leur alt\u00e9ration, perte, traitement ou utilisation non autoris\u00e9e. Aucune information fournie par nos clients ne sera utilis\u00e9e \u00e0 des fins commerciales ou transmise \u00e0 des tiers (en dehors de la finalit\u00e9 pr\u00e9cit\u00e9e). Les clients\/utilisateurs de \u00ab <a href=\"https:\/\/www.parklexprodema.com\" target=\"_blank\" rel=\"noreferrer noopener\">www.parklexprodema.com<\/a> \u00bb peuvent \u00e0 tout moment exercer leurs droits d&rsquo;acc\u00e8s, de rectification, de suppression et d&rsquo;opposition en \u00e9crivant \u00e0 notre adresse e-mail : <a href=\"mailto:parklexprodema@parklexprodema.com\">parklexprodema@parklexprodema.com<\/a><\/p><h2 class=\"wp-block-heading\">7. L\u00e9gislation applicable et juridiction <\/h2><p>D&rsquo;une mani\u00e8re g\u00e9n\u00e9rale, les relations avec nos clients d\u00e9coulant de la prestation de services contenus sur notre site web sont soumises \u00e0 la l\u00e9gislation et \u00e0 la juridiction espagnoles. Les utilisateurs de notre site web sont conscients de tout ce qui pr\u00e9c\u00e8de et l&rsquo;acceptent de leur plein gr\u00e9. Si vous souhaitez formuler un commentaire ou une suggestion, vous pouvez le faire via notre adresse e-mail <a href=\"mailto:parklexprodema@parklexprodema.com\">parklexprodema@parklexprodema.com<\/a><\/p><div class=\"block-list-appender wp-block\" tabindex=\"-1\">&nbsp;<\/div>","protected":false},"excerpt":{"rendered":"<p>1. D\u00e9tails d&rsquo;identification La SOCI\u00c9T\u00c9 propri\u00e9taire de \u00ab www.parklexprodema.com \u00bb est \u00ab PARKLEX PRODEMA INT, S.L. \u00bb, dont le si\u00e8ge social est situ\u00e9 \u00e0 Barrio San Miguel, n9, 20.250 \u2013 Legorreta, avec le C.I.F (code d&rsquo;identification fiscale) B75170209 et l&rsquo;adresse e-mail parklexprodema@parklexprodema.com 2. Propri\u00e9t\u00e9 intellectuelle du site web Tous les droits de propri\u00e9t\u00e9 intellectuelle sur [&hellip;]<\/p>\n","protected":false},"author":10000094,"featured_media":0,"parent":0,"menu_order":169,"comment_status":"closed","ping_status":"closed","template":"template-parts\/template-privacy.php","meta":{"_acf_changed":false,"inline_featured_image":false,"footnotes":""},"class_list":["post-6187","page","type-page","status-publish","hentry"],"acf":[],"yoast_head":"<!-- This site is optimized with the Yoast SEO plugin v27.0 - https:\/\/yoast.com\/product\/yoast-seo-wordpress\/ -->\n<title>Section Juridique &#8212; Parklex Prodema<\/title>\n<meta name=\"robots\" content=\"index, follow, max-snippet:-1, max-image-preview:large, max-video-preview:-1\" \/>\n<link rel=\"canonical\" href=\"https:\/\/parklexprodema.com\/fr\/legal-section\/\" \/>\n<meta property=\"og:locale\" content=\"fr_FR\" \/>\n<meta property=\"og:type\" content=\"article\" \/>\n<meta property=\"og:title\" content=\"Section Juridique &#8212; Parklex Prodema\" \/>\n<meta property=\"og:description\" content=\"1. D\u00e9tails d&rsquo;identification La SOCI\u00c9T\u00c9 propri\u00e9taire de \u00ab www.parklexprodema.com \u00bb est \u00ab PARKLEX PRODEMA INT, S.L. \u00bb, dont le si\u00e8ge social est situ\u00e9 \u00e0 Barrio San Miguel, n9, 20.250 \u2013 Legorreta, avec le C.I.F (code d&rsquo;identification fiscale) B75170209 et l&rsquo;adresse e-mail parklexprodema@parklexprodema.com 2. Propri\u00e9t\u00e9 intellectuelle du site web Tous les droits de propri\u00e9t\u00e9 intellectuelle sur [&hellip;]\" \/>\n<meta property=\"og:url\" content=\"https:\/\/parklexprodema.com\/fr\/legal-section\/\" \/>\n<meta property=\"og:site_name\" content=\"Parklex Prodema\" \/>\n<meta property=\"article:publisher\" content=\"https:\/\/www.facebook.com\/parklexprodema\" \/>\n<meta property=\"article:modified_time\" content=\"2026-01-21T17:31:15+00:00\" \/>\n<meta name=\"twitter:card\" content=\"summary_large_image\" \/>\n<meta name=\"twitter:label1\" content=\"Dur\u00e9e de lecture estim\u00e9e\" \/>\n\t<meta name=\"twitter:data1\" content=\"3 minutes\" \/>\n<script type=\"application\/ld+json\" class=\"yoast-schema-graph\">{\"@context\":\"https:\/\/schema.org\",\"@graph\":[{\"@type\":\"WebPage\",\"@id\":\"https:\/\/parklexprodema.com\/fr\/legal-section\/\",\"url\":\"https:\/\/parklexprodema.com\/fr\/legal-section\/\",\"name\":\"Section Juridique &#8212; Parklex Prodema\",\"isPartOf\":{\"@id\":\"https:\/\/parklexprodema.com\/fr\/#website\"},\"datePublished\":\"2021-04-28T09:08:09+00:00\",\"dateModified\":\"2026-01-21T17:31:15+00:00\",\"breadcrumb\":{\"@id\":\"https:\/\/parklexprodema.com\/fr\/legal-section\/#breadcrumb\"},\"inLanguage\":\"fr-FR\",\"potentialAction\":[{\"@type\":\"ReadAction\",\"target\":[\"https:\/\/parklexprodema.com\/fr\/legal-section\/\"]}]},{\"@type\":\"BreadcrumbList\",\"@id\":\"https:\/\/parklexprodema.com\/fr\/legal-section\/#breadcrumb\",\"itemListElement\":[{\"@type\":\"ListItem\",\"position\":1,\"name\":\"Home\",\"item\":\"https:\/\/parklexprodema.com\/fr\/\"},{\"@type\":\"ListItem\",\"position\":2,\"name\":\"Section Juridique\"}]},{\"@type\":\"WebSite\",\"@id\":\"https:\/\/parklexprodema.com\/fr\/#website\",\"url\":\"https:\/\/parklexprodema.com\/fr\/\",\"name\":\"Parklex Prodema\",\"description\":\"Panneaux de Bois pour l\u2019Architecture\",\"publisher\":{\"@id\":\"https:\/\/parklexprodema.com\/fr\/#organization\"},\"potentialAction\":[{\"@type\":\"SearchAction\",\"target\":{\"@type\":\"EntryPoint\",\"urlTemplate\":\"https:\/\/parklexprodema.com\/fr\/?s={search_term_string}\"},\"query-input\":{\"@type\":\"PropertyValueSpecification\",\"valueRequired\":true,\"valueName\":\"search_term_string\"}}],\"inLanguage\":\"fr-FR\"},{\"@type\":\"Organization\",\"@id\":\"https:\/\/parklexprodema.com\/fr\/#organization\",\"name\":\"Parklex Prodema\",\"url\":\"https:\/\/parklexprodema.com\/fr\/\",\"logo\":{\"@type\":\"ImageObject\",\"inLanguage\":\"fr-FR\",\"@id\":\"https:\/\/parklexprodema.com\/fr\/#\/schema\/logo\/image\/\",\"url\":\"https:\/\/parklexprodema.com\/wp-content\/uploads\/2023\/01\/ParklexProdema-Logo.png\",\"contentUrl\":\"https:\/\/parklexprodema.com\/wp-content\/uploads\/2023\/01\/ParklexProdema-Logo.png\",\"width\":600,\"height\":155,\"caption\":\"Parklex Prodema\"},\"image\":{\"@id\":\"https:\/\/parklexprodema.com\/fr\/#\/schema\/logo\/image\/\"},\"sameAs\":[\"https:\/\/www.facebook.com\/parklexprodema\",\"https:\/\/www.instagram.com\/parklexprodema\/\",\"https:\/\/www.linkedin.com\/company\/parklexprodema\/\"]}]}<\/script>\n<!-- \/ Yoast SEO plugin. -->","yoast_head_json":{"title":"Section Juridique &#8212; Parklex Prodema","robots":{"index":"index","follow":"follow","max-snippet":"max-snippet:-1","max-image-preview":"max-image-preview:large","max-video-preview":"max-video-preview:-1"},"canonical":"https:\/\/parklexprodema.com\/fr\/legal-section\/","og_locale":"fr_FR","og_type":"article","og_title":"Section Juridique &#8212; Parklex Prodema","og_description":"1. D\u00e9tails d&rsquo;identification La SOCI\u00c9T\u00c9 propri\u00e9taire de \u00ab www.parklexprodema.com \u00bb est \u00ab PARKLEX PRODEMA INT, S.L. \u00bb, dont le si\u00e8ge social est situ\u00e9 \u00e0 Barrio San Miguel, n9, 20.250 \u2013 Legorreta, avec le C.I.F (code d&rsquo;identification fiscale) B75170209 et l&rsquo;adresse e-mail parklexprodema@parklexprodema.com 2. Propri\u00e9t\u00e9 intellectuelle du site web Tous les droits de propri\u00e9t\u00e9 intellectuelle sur [&hellip;]","og_url":"https:\/\/parklexprodema.com\/fr\/legal-section\/","og_site_name":"Parklex Prodema","article_publisher":"https:\/\/www.facebook.com\/parklexprodema","article_modified_time":"2026-01-21T17:31:15+00:00","twitter_card":"summary_large_image","twitter_misc":{"Dur\u00e9e de lecture estim\u00e9e":"3 minutes"},"schema":{"@context":"https:\/\/schema.org","@graph":[{"@type":"WebPage","@id":"https:\/\/parklexprodema.com\/fr\/legal-section\/","url":"https:\/\/parklexprodema.com\/fr\/legal-section\/","name":"Section Juridique &#8212; Parklex Prodema","isPartOf":{"@id":"https:\/\/parklexprodema.com\/fr\/#website"},"datePublished":"2021-04-28T09:08:09+00:00","dateModified":"2026-01-21T17:31:15+00:00","breadcrumb":{"@id":"https:\/\/parklexprodema.com\/fr\/legal-section\/#breadcrumb"},"inLanguage":"fr-FR","potentialAction":[{"@type":"ReadAction","target":["https:\/\/parklexprodema.com\/fr\/legal-section\/"]}]},{"@type":"BreadcrumbList","@id":"https:\/\/parklexprodema.com\/fr\/legal-section\/#breadcrumb","itemListElement":[{"@type":"ListItem","position":1,"name":"Home","item":"https:\/\/parklexprodema.com\/fr\/"},{"@type":"ListItem","position":2,"name":"Section Juridique"}]},{"@type":"WebSite","@id":"https:\/\/parklexprodema.com\/fr\/#website","url":"https:\/\/parklexprodema.com\/fr\/","name":"Parklex Prodema","description":"Panneaux de Bois pour l\u2019Architecture","publisher":{"@id":"https:\/\/parklexprodema.com\/fr\/#organization"},"potentialAction":[{"@type":"SearchAction","target":{"@type":"EntryPoint","urlTemplate":"https:\/\/parklexprodema.com\/fr\/?s={search_term_string}"},"query-input":{"@type":"PropertyValueSpecification","valueRequired":true,"valueName":"search_term_string"}}],"inLanguage":"fr-FR"},{"@type":"Organization","@id":"https:\/\/parklexprodema.com\/fr\/#organization","name":"Parklex Prodema","url":"https:\/\/parklexprodema.com\/fr\/","logo":{"@type":"ImageObject","inLanguage":"fr-FR","@id":"https:\/\/parklexprodema.com\/fr\/#\/schema\/logo\/image\/","url":"https:\/\/parklexprodema.com\/wp-content\/uploads\/2023\/01\/ParklexProdema-Logo.png","contentUrl":"https:\/\/parklexprodema.com\/wp-content\/uploads\/2023\/01\/ParklexProdema-Logo.png","width":600,"height":155,"caption":"Parklex Prodema"},"image":{"@id":"https:\/\/parklexprodema.com\/fr\/#\/schema\/logo\/image\/"},"sameAs":["https:\/\/www.facebook.com\/parklexprodema","https:\/\/www.instagram.com\/parklexprodema\/","https:\/\/www.linkedin.com\/company\/parklexprodema\/"]}]}},"_links":{"self":[{"href":"https:\/\/parklexprodema.com\/fr\/wp-json\/wp\/v2\/pages\/6187","targetHints":{"allow":["GET"]}}],"collection":[{"href":"https:\/\/parklexprodema.com\/fr\/wp-json\/wp\/v2\/pages"}],"about":[{"href":"https:\/\/parklexprodema.com\/fr\/wp-json\/wp\/v2\/types\/page"}],"author":[{"embeddable":true,"href":"https:\/\/parklexprodema.com\/fr\/wp-json\/wp\/v2\/users\/10000094"}],"replies":[{"embeddable":true,"href":"https:\/\/parklexprodema.com\/fr\/wp-json\/wp\/v2\/comments?post=6187"}],"version-history":[{"count":9,"href":"https:\/\/parklexprodema.com\/fr\/wp-json\/wp\/v2\/pages\/6187\/revisions"}],"predecessor-version":[{"id":82223,"href":"https:\/\/parklexprodema.com\/fr\/wp-json\/wp\/v2\/pages\/6187\/revisions\/82223"}],"wp:attachment":[{"href":"https:\/\/parklexprodema.com\/fr\/wp-json\/wp\/v2\/media?parent=6187"}],"curies":[{"name":"wp","href":"https:\/\/api.w.org\/{rel}","templated":true}]}}