{"id":82085,"date":"2026-01-19T11:30:32","date_gmt":"2026-01-19T10:30:32","guid":{"rendered":"https:\/\/parklexprodema.com\/?page_id=82085"},"modified":"2026-01-23T10:30:03","modified_gmt":"2026-01-23T09:30:03","slug":"politica-de-cookies","status":"publish","type":"page","link":"https:\/\/parklexprodema.com\/es\/politica-de-cookies\/","title":{"rendered":"Pol\u00edtica de Cookies"},"content":{"rendered":"<p>Esta Pol\u00edtica de Cookies explica qu\u00e9 son las cookies y c\u00f3mo las utiliza nuestro sitio web <a target=\"_blank\" rel=\"noreferrer noopener\" href=\"https:\/\/parklexprodema.com\/es\/\">https:\/\/parklexprodema.com\/<\/a>, los tipos de cookies que utilizamos (es decir, la informaci\u00f3n que recopilamos a trav\u00e9s de ellas y c\u00f3mo se utiliza esa informaci\u00f3n) y c\u00f3mo gestionar sus ajustes de configuraci\u00f3n.<\/p><p>Las cookies son peque\u00f1os archivos de texto que se utilizan para almacenar fragmentos de informaci\u00f3n. Se almacenan en su dispositivo cuando el sitio web se carga en su navegador. Estas cookies nos ayudan a que el sitio web funcione correctamente, sea m\u00e1s seguro, proporcione una mejor experiencia de usuario y nos permiten entender el rendimiento del sitio, analizando qu\u00e9 funciona y d\u00f3nde es necesario realizar mejoras.<\/p><h2 class=\"wp-block-heading\">\u00bfC\u00f3mo utilizamos las cookies?<\/h2><p>Como la mayor\u00eda de los servicios en l\u00ednea, nuestro sitio web utiliza cookies propias y de terceros para diversos fines. Las cookies propias son mayoritariamente necesarias para que el sitio web funcione correctamente y no recopilan ninguno de sus datos de identificaci\u00f3n personal.<\/p><p>Las cookies de terceros utilizadas en nuestro sitio web sirven principalmente para comprender el rendimiento del sitio y c\u00f3mo interact\u00faa usted con nosotros, mantener la seguridad de nuestros servicios, ofrecer anuncios que sean relevantes para usted y, en definitiva, proporcionarle una experiencia de usuario mejorada, ayudando a agilizar sus futuras interacciones con nuestro sitio web.<\/p><p>Cookies t\u00e9cnicas: este tipo de cookies son necesarias para el correcto funcionamiento del sitio web y no recopilan informaci\u00f3n del usuario.<\/p><p><strong>\u00b7<\/strong>&nbsp;\u201clang\u201d cookie: Almacena el idioma de navegaci\u00f3n preferido del usuario.<\/p><p><strong>\u00b7&nbsp;<\/strong>\u201cPHPSESSID\u201d cookie: Identificador \u00fanico de la sesi\u00f3n del usuario. Se utiliza para identificar al usuario en las \u00e1reas de acceso restringido.<\/p><p><strong>\u00b7&nbsp;<\/strong>Analysis cookies: Se trata de cookies que obtienen datos estad\u00edsticos an\u00f3nimos sobre los movimientos de navegaci\u00f3n del usuario con el fin de generar informes de visitas:&nbsp;__utmba__utmb, __utmc, __utmz: cookies por el servicio de estad\u00edsticas de Google Analytics.<\/p><p>Si no desea que se utilicen estas cookies, puede configurar su navegador para desactivarlas. Los distintos navegadores ofrecen diferentes m\u00e9todos para bloquear y eliminar las cookies utilizadas por los sitios web. Usted puede cambiar la configuraci\u00f3n de su navegador para bloquear o eliminar las cookies. A continuaci\u00f3n, se facilitan los enlaces a los documentos de soporte sobre c\u00f3mo gestionar y eliminar las cookies en los principales navegadores web:<\/p><p>Chrome:&nbsp;<a href=\"https:\/\/support.google.com\/accounts\/answer\/32050\" target=\"_blank\" rel=\"noreferrer noopener\">https:\/\/support.google.com\/accounts\/answer\/32050<\/a><\/p><p>Safari:&nbsp;<a href=\"https:\/\/support.apple.com\/en-in\/guide\/safari\/sfri11471\/mac\" target=\"_blank\" rel=\"noreferrer noopener\">https:\/\/support.apple.com\/en-in\/guide\/safari\/sfri11471\/mac<\/a><\/p><p>Firefox:&nbsp;<a href=\"https:\/\/support.mozilla.org\/en-US\/kb\/clear-cookies-and-site-data-firefox?redirectslug=delete-cookies-remove-info-websites-stored&amp;redirectlocale=en-US\" target=\"_blank\" rel=\"noreferrer noopener\">https:\/\/support.mozilla.org\/en-US\/kb\/clear-cookies-and-site-data-firefox?redirectslug=delete-cookies-remove-info-websites-stored&amp;redirectlocale=en-US<\/a><\/p><p>Internet Explorer:&nbsp;<a href=\"https:\/\/support.microsoft.com\/en-us\/topic\/how-to-delete-cookie-files-in-internet-explorer-bca9446f-d873-78de-77ba-d42645fa52fc\" target=\"_blank\" rel=\"noreferrer noopener\">https:\/\/support.microsoft.com\/en-us\/topic\/how-to-delete-cookie-files-in-internet-explorer-bca9446f-d873-78de-77ba-d42645fa52fc<\/a><\/p><p>Si utiliza cualquier otro navegador web, por favor, visite los documentos oficiales de soporte de su navegador.<\/p>","protected":false},"excerpt":{"rendered":"<p>Esta Pol\u00edtica de Cookies explica qu\u00e9 son las cookies y c\u00f3mo las utiliza nuestro sitio web https:\/\/parklexprodema.com\/, los tipos de cookies que utilizamos (es decir, la informaci\u00f3n que recopilamos a trav\u00e9s de ellas y c\u00f3mo se utiliza esa informaci\u00f3n) y c\u00f3mo gestionar sus ajustes de configuraci\u00f3n. Las cookies son peque\u00f1os archivos de texto que se [&hellip;]<\/p>\n","protected":false},"author":10000252,"featured_media":0,"parent":0,"menu_order":4,"comment_status":"closed","ping_status":"closed","template":"template-parts\/template-privacy.php","meta":{"_acf_changed":false,"inline_featured_image":false,"footnotes":""},"class_list":["post-82085","page","type-page","status-publish","hentry"],"acf":[],"yoast_head":"<!-- This site is optimized with the Yoast SEO plugin v27.0 - https:\/\/yoast.com\/product\/yoast-seo-wordpress\/ -->\n<title>Pol\u00edtica de Cookies &#8212; Parklex Prodema<\/title>\n<meta name=\"description\" content=\"Pol\u00edtica de Cookies del sitio web de PARKLEX PRODEMA INT, SLU.\" \/>\n<meta name=\"robots\" content=\"index, follow, max-snippet:-1, max-image-preview:large, max-video-preview:-1\" \/>\n<link rel=\"canonical\" href=\"https:\/\/parklexprodema.com\/es\/politica-de-cookies\/\" \/>\n<meta property=\"og:locale\" content=\"es_ES\" \/>\n<meta property=\"og:type\" content=\"article\" \/>\n<meta property=\"og:title\" content=\"Pol\u00edtica de Cookies &#8212; Parklex Prodema\" \/>\n<meta property=\"og:description\" content=\"Pol\u00edtica de Cookies del sitio web de PARKLEX PRODEMA INT, SLU.\" \/>\n<meta property=\"og:url\" content=\"https:\/\/parklexprodema.com\/es\/politica-de-cookies\/\" \/>\n<meta property=\"og:site_name\" content=\"Parklex Prodema\" \/>\n<meta property=\"article:publisher\" content=\"https:\/\/www.facebook.com\/parklexprodema\" \/>\n<meta property=\"article:modified_time\" content=\"2026-01-23T09:30:03+00:00\" \/>\n<meta name=\"twitter:card\" content=\"summary_large_image\" \/>\n<meta name=\"twitter:label1\" content=\"Tiempo de lectura\" \/>\n\t<meta name=\"twitter:data1\" content=\"2 minutos\" \/>\n<script type=\"application\/ld+json\" class=\"yoast-schema-graph\">{\"@context\":\"https:\/\/schema.org\",\"@graph\":[{\"@type\":\"WebPage\",\"@id\":\"https:\/\/parklexprodema.com\/es\/politica-de-cookies\/\",\"url\":\"https:\/\/parklexprodema.com\/es\/politica-de-cookies\/\",\"name\":\"Pol\u00edtica de Cookies &#8212; Parklex Prodema\",\"isPartOf\":{\"@id\":\"https:\/\/parklexprodema.com\/es\/#website\"},\"datePublished\":\"2026-01-19T10:30:32+00:00\",\"dateModified\":\"2026-01-23T09:30:03+00:00\",\"description\":\"Pol\u00edtica de Cookies del sitio web de PARKLEX PRODEMA INT, SLU.\",\"breadcrumb\":{\"@id\":\"https:\/\/parklexprodema.com\/es\/politica-de-cookies\/#breadcrumb\"},\"inLanguage\":\"es\",\"potentialAction\":[{\"@type\":\"ReadAction\",\"target\":[\"https:\/\/parklexprodema.com\/es\/politica-de-cookies\/\"]}]},{\"@type\":\"BreadcrumbList\",\"@id\":\"https:\/\/parklexprodema.com\/es\/politica-de-cookies\/#breadcrumb\",\"itemListElement\":[{\"@type\":\"ListItem\",\"position\":1,\"name\":\"Home\",\"item\":\"https:\/\/parklexprodema.com\/es\/\"},{\"@type\":\"ListItem\",\"position\":2,\"name\":\"Pol\u00edtica de Cookies\"}]},{\"@type\":\"WebSite\",\"@id\":\"https:\/\/parklexprodema.com\/es\/#website\",\"url\":\"https:\/\/parklexprodema.com\/es\/\",\"name\":\"Parklex Prodema\",\"description\":\"Revestimientos de Madera para la Arquitectura y el dise\u00f1o de interiores\",\"publisher\":{\"@id\":\"https:\/\/parklexprodema.com\/es\/#organization\"},\"potentialAction\":[{\"@type\":\"SearchAction\",\"target\":{\"@type\":\"EntryPoint\",\"urlTemplate\":\"https:\/\/parklexprodema.com\/es\/?s={search_term_string}\"},\"query-input\":{\"@type\":\"PropertyValueSpecification\",\"valueRequired\":true,\"valueName\":\"search_term_string\"}}],\"inLanguage\":\"es\"},{\"@type\":\"Organization\",\"@id\":\"https:\/\/parklexprodema.com\/es\/#organization\",\"name\":\"Parklex Prodema\",\"url\":\"https:\/\/parklexprodema.com\/es\/\",\"logo\":{\"@type\":\"ImageObject\",\"inLanguage\":\"es\",\"@id\":\"https:\/\/parklexprodema.com\/es\/#\/schema\/logo\/image\/\",\"url\":\"https:\/\/parklexprodema.com\/wp-content\/uploads\/2023\/01\/ParklexProdema-Logo.png\",\"contentUrl\":\"https:\/\/parklexprodema.com\/wp-content\/uploads\/2023\/01\/ParklexProdema-Logo.png\",\"width\":600,\"height\":155,\"caption\":\"Parklex Prodema\"},\"image\":{\"@id\":\"https:\/\/parklexprodema.com\/es\/#\/schema\/logo\/image\/\"},\"sameAs\":[\"https:\/\/www.facebook.com\/parklexprodema\",\"https:\/\/www.instagram.com\/parklexprodema\/\",\"https:\/\/www.linkedin.com\/company\/parklexprodema\/\"]}]}<\/script>\n<!-- \/ Yoast SEO plugin. -->","yoast_head_json":{"title":"Pol\u00edtica de Cookies &#8212; Parklex Prodema","description":"Pol\u00edtica de Cookies del sitio web de PARKLEX PRODEMA INT, SLU.","robots":{"index":"index","follow":"follow","max-snippet":"max-snippet:-1","max-image-preview":"max-image-preview:large","max-video-preview":"max-video-preview:-1"},"canonical":"https:\/\/parklexprodema.com\/es\/politica-de-cookies\/","og_locale":"es_ES","og_type":"article","og_title":"Pol\u00edtica de Cookies &#8212; Parklex Prodema","og_description":"Pol\u00edtica de Cookies del sitio web de PARKLEX PRODEMA INT, SLU.","og_url":"https:\/\/parklexprodema.com\/es\/politica-de-cookies\/","og_site_name":"Parklex Prodema","article_publisher":"https:\/\/www.facebook.com\/parklexprodema","article_modified_time":"2026-01-23T09:30:03+00:00","twitter_card":"summary_large_image","twitter_misc":{"Tiempo de lectura":"2 minutos"},"schema":{"@context":"https:\/\/schema.org","@graph":[{"@type":"WebPage","@id":"https:\/\/parklexprodema.com\/es\/politica-de-cookies\/","url":"https:\/\/parklexprodema.com\/es\/politica-de-cookies\/","name":"Pol\u00edtica de Cookies &#8212; Parklex Prodema","isPartOf":{"@id":"https:\/\/parklexprodema.com\/es\/#website"},"datePublished":"2026-01-19T10:30:32+00:00","dateModified":"2026-01-23T09:30:03+00:00","description":"Pol\u00edtica de Cookies del sitio web de PARKLEX PRODEMA INT, SLU.","breadcrumb":{"@id":"https:\/\/parklexprodema.com\/es\/politica-de-cookies\/#breadcrumb"},"inLanguage":"es","potentialAction":[{"@type":"ReadAction","target":["https:\/\/parklexprodema.com\/es\/politica-de-cookies\/"]}]},{"@type":"BreadcrumbList","@id":"https:\/\/parklexprodema.com\/es\/politica-de-cookies\/#breadcrumb","itemListElement":[{"@type":"ListItem","position":1,"name":"Home","item":"https:\/\/parklexprodema.com\/es\/"},{"@type":"ListItem","position":2,"name":"Pol\u00edtica de Cookies"}]},{"@type":"WebSite","@id":"https:\/\/parklexprodema.com\/es\/#website","url":"https:\/\/parklexprodema.com\/es\/","name":"Parklex Prodema","description":"Revestimientos de Madera para la Arquitectura y el dise\u00f1o de interiores","publisher":{"@id":"https:\/\/parklexprodema.com\/es\/#organization"},"potentialAction":[{"@type":"SearchAction","target":{"@type":"EntryPoint","urlTemplate":"https:\/\/parklexprodema.com\/es\/?s={search_term_string}"},"query-input":{"@type":"PropertyValueSpecification","valueRequired":true,"valueName":"search_term_string"}}],"inLanguage":"es"},{"@type":"Organization","@id":"https:\/\/parklexprodema.com\/es\/#organization","name":"Parklex Prodema","url":"https:\/\/parklexprodema.com\/es\/","logo":{"@type":"ImageObject","inLanguage":"es","@id":"https:\/\/parklexprodema.com\/es\/#\/schema\/logo\/image\/","url":"https:\/\/parklexprodema.com\/wp-content\/uploads\/2023\/01\/ParklexProdema-Logo.png","contentUrl":"https:\/\/parklexprodema.com\/wp-content\/uploads\/2023\/01\/ParklexProdema-Logo.png","width":600,"height":155,"caption":"Parklex Prodema"},"image":{"@id":"https:\/\/parklexprodema.com\/es\/#\/schema\/logo\/image\/"},"sameAs":["https:\/\/www.facebook.com\/parklexprodema","https:\/\/www.instagram.com\/parklexprodema\/","https:\/\/www.linkedin.com\/company\/parklexprodema\/"]}]}},"_links":{"self":[{"href":"https:\/\/parklexprodema.com\/es\/wp-json\/wp\/v2\/pages\/82085","targetHints":{"allow":["GET"]}}],"collection":[{"href":"https:\/\/parklexprodema.com\/es\/wp-json\/wp\/v2\/pages"}],"about":[{"href":"https:\/\/parklexprodema.com\/es\/wp-json\/wp\/v2\/types\/page"}],"author":[{"embeddable":true,"href":"https:\/\/parklexprodema.com\/es\/wp-json\/wp\/v2\/users\/10000252"}],"replies":[{"embeddable":true,"href":"https:\/\/parklexprodema.com\/es\/wp-json\/wp\/v2\/comments?post=82085"}],"version-history":[{"count":2,"href":"https:\/\/parklexprodema.com\/es\/wp-json\/wp\/v2\/pages\/82085\/revisions"}],"predecessor-version":[{"id":82313,"href":"https:\/\/parklexprodema.com\/es\/wp-json\/wp\/v2\/pages\/82085\/revisions\/82313"}],"wp:attachment":[{"href":"https:\/\/parklexprodema.com\/es\/wp-json\/wp\/v2\/media?parent=82085"}],"curies":[{"name":"wp","href":"https:\/\/api.w.org\/{rel}","templated":true}]}}