{"id":63884,"date":"2024-11-04T13:11:49","date_gmt":"2024-11-04T12:11:49","guid":{"rendered":"https:\/\/parklexprodema.com\/?page_id=63884"},"modified":"2025-02-11T12:38:20","modified_gmt":"2025-02-11T11:38:20","slug":"acceso-zona-tecnica","status":"publish","type":"page","link":"https:\/\/parklexprodema.com\/es\/acceso-zona-tecnica\/","title":{"rendered":"Acceso Zona t\u00e9cnica"},"content":{"rendered":"<section class=\"heading-section\">\n<div class=\"container-fluid\">\n<h1>ZONA T\u00c9CNICA<\/h1>\n<\/p><\/div>\n<\/section>\n<p class=\"intro-text\" style=\"padding-bottom: 20px; max-width: 600px; margin: 0 auto; font-size: 17px;\">Accede y descarga toda la documentaci\u00f3n t\u00e9cnica y cat\u00e1logos de nuestros productos y soluciones. Obt\u00e9n informaci\u00f3n completa sobre sistemas de instalaci\u00f3n, fichas t\u00e9cnicas, prestaciones, certificados, manuales de usuario y mucho m\u00e1s.<\/p>\n<p><script charset=\"utf-8\" type=\"text\/javascript\" src=\"\/\/js-eu1.hsforms.net\/forms\/embed\/v2.js\"><\/script><br \/>\n<script>\n  hbspt.forms.create({\n    region: \"eu1\",\n    portalId: \"144758579\",\n    formId: \"77cd4b84-6da8-4f2b-bd6f-58d37214f2c2\"\n  });\n<\/script><\/p>\n<style>\n.page-template-template-contact-vertical .wpcf7 {\n    display: none;\n}<\/p>\n<p>.intro-text {\n    text-align: center;\n    font-size: 1.5em;\n    margin: 5% 25% 20px 25%;\n    line-height: 1.6;\n}\n.hbspt-form {\n    max-width: 400px;\n    margin: 0 auto;\n    padding-bottom: 140px;\n}\n<\/style>\n","protected":false},"excerpt":{"rendered":"<p>ZONA T\u00c9CNICA Accede y descarga toda la documentaci\u00f3n t\u00e9cnica y cat\u00e1logos de nuestros productos y soluciones. Obt\u00e9n informaci\u00f3n completa sobre sistemas de instalaci\u00f3n, fichas t\u00e9cnicas, prestaciones, certificados, manuales de usuario y mucho m\u00e1s.<\/p>\n","protected":false},"author":10000283,"featured_media":0,"parent":0,"menu_order":16,"comment_status":"closed","ping_status":"closed","template":"","meta":{"_acf_changed":false,"inline_featured_image":false,"footnotes":""},"class_list":["post-63884","page","type-page","status-publish","hentry"],"acf":[],"yoast_head":"<!-- This site is optimized with the Yoast SEO plugin v27.0 - https:\/\/yoast.com\/product\/yoast-seo-wordpress\/ -->\n<title>Acceso Zona t\u00e9cnica &#8212; Parklex Prodema<\/title>\n<meta name=\"robots\" content=\"noindex, nofollow\" \/>\n<meta property=\"og:locale\" content=\"es_ES\" \/>\n<meta property=\"og:type\" content=\"article\" \/>\n<meta property=\"og:title\" content=\"Acceso Zona t\u00e9cnica &#8212; Parklex Prodema\" \/>\n<meta property=\"og:description\" content=\"ZONA T\u00c9CNICA Accede y descarga toda la documentaci\u00f3n t\u00e9cnica y cat\u00e1logos de nuestros productos y soluciones. Obt\u00e9n informaci\u00f3n completa sobre sistemas de instalaci\u00f3n, fichas t\u00e9cnicas, prestaciones, certificados, manuales de usuario y mucho m\u00e1s.\" \/>\n<meta property=\"og:url\" content=\"https:\/\/parklexprodema.com\/es\/acceso-zona-tecnica\/\" \/>\n<meta property=\"og:site_name\" content=\"Parklex Prodema\" \/>\n<meta property=\"article:publisher\" content=\"https:\/\/www.facebook.com\/parklexprodema\" \/>\n<meta property=\"article:modified_time\" content=\"2025-02-11T11:38:20+00:00\" \/>\n<meta name=\"twitter:card\" content=\"summary_large_image\" \/>\n<meta name=\"twitter:label1\" content=\"Tiempo de lectura\" \/>\n\t<meta name=\"twitter:data1\" content=\"1 minuto\" \/>\n<script type=\"application\/ld+json\" class=\"yoast-schema-graph\">{\"@context\":\"https:\/\/schema.org\",\"@graph\":[{\"@type\":\"WebPage\",\"@id\":\"https:\/\/parklexprodema.com\/es\/acceso-zona-tecnica\/\",\"url\":\"https:\/\/parklexprodema.com\/es\/acceso-zona-tecnica\/\",\"name\":\"Acceso Zona t\u00e9cnica &#8212; Parklex Prodema\",\"isPartOf\":{\"@id\":\"https:\/\/parklexprodema.com\/es\/#website\"},\"datePublished\":\"2024-11-04T12:11:49+00:00\",\"dateModified\":\"2025-02-11T11:38:20+00:00\",\"breadcrumb\":{\"@id\":\"https:\/\/parklexprodema.com\/es\/acceso-zona-tecnica\/#breadcrumb\"},\"inLanguage\":\"es\",\"potentialAction\":[{\"@type\":\"ReadAction\",\"target\":[\"https:\/\/parklexprodema.com\/es\/acceso-zona-tecnica\/\"]}]},{\"@type\":\"BreadcrumbList\",\"@id\":\"https:\/\/parklexprodema.com\/es\/acceso-zona-tecnica\/#breadcrumb\",\"itemListElement\":[{\"@type\":\"ListItem\",\"position\":1,\"name\":\"Home\",\"item\":\"https:\/\/parklexprodema.com\/es\/\"},{\"@type\":\"ListItem\",\"position\":2,\"name\":\"Acceso Zona t\u00e9cnica\"}]},{\"@type\":\"WebSite\",\"@id\":\"https:\/\/parklexprodema.com\/es\/#website\",\"url\":\"https:\/\/parklexprodema.com\/es\/\",\"name\":\"Parklex Prodema\",\"description\":\"Revestimientos de Madera para la Arquitectura y el dise\u00f1o de interiores\",\"publisher\":{\"@id\":\"https:\/\/parklexprodema.com\/es\/#organization\"},\"potentialAction\":[{\"@type\":\"SearchAction\",\"target\":{\"@type\":\"EntryPoint\",\"urlTemplate\":\"https:\/\/parklexprodema.com\/es\/?s={search_term_string}\"},\"query-input\":{\"@type\":\"PropertyValueSpecification\",\"valueRequired\":true,\"valueName\":\"search_term_string\"}}],\"inLanguage\":\"es\"},{\"@type\":\"Organization\",\"@id\":\"https:\/\/parklexprodema.com\/es\/#organization\",\"name\":\"Parklex Prodema\",\"url\":\"https:\/\/parklexprodema.com\/es\/\",\"logo\":{\"@type\":\"ImageObject\",\"inLanguage\":\"es\",\"@id\":\"https:\/\/parklexprodema.com\/es\/#\/schema\/logo\/image\/\",\"url\":\"https:\/\/parklexprodema.com\/wp-content\/uploads\/2023\/01\/ParklexProdema-Logo.png\",\"contentUrl\":\"https:\/\/parklexprodema.com\/wp-content\/uploads\/2023\/01\/ParklexProdema-Logo.png\",\"width\":600,\"height\":155,\"caption\":\"Parklex Prodema\"},\"image\":{\"@id\":\"https:\/\/parklexprodema.com\/es\/#\/schema\/logo\/image\/\"},\"sameAs\":[\"https:\/\/www.facebook.com\/parklexprodema\",\"https:\/\/www.instagram.com\/parklexprodema\/\",\"https:\/\/www.linkedin.com\/company\/parklexprodema\/\"]}]}<\/script>\n<!-- \/ Yoast SEO plugin. -->","yoast_head_json":{"title":"Acceso Zona t\u00e9cnica &#8212; Parklex Prodema","robots":{"index":"noindex","follow":"nofollow"},"og_locale":"es_ES","og_type":"article","og_title":"Acceso Zona t\u00e9cnica &#8212; Parklex Prodema","og_description":"ZONA T\u00c9CNICA Accede y descarga toda la documentaci\u00f3n t\u00e9cnica y cat\u00e1logos de nuestros productos y soluciones. Obt\u00e9n informaci\u00f3n completa sobre sistemas de instalaci\u00f3n, fichas t\u00e9cnicas, prestaciones, certificados, manuales de usuario y mucho m\u00e1s.","og_url":"https:\/\/parklexprodema.com\/es\/acceso-zona-tecnica\/","og_site_name":"Parklex Prodema","article_publisher":"https:\/\/www.facebook.com\/parklexprodema","article_modified_time":"2025-02-11T11:38:20+00:00","twitter_card":"summary_large_image","twitter_misc":{"Tiempo de lectura":"1 minuto"},"schema":{"@context":"https:\/\/schema.org","@graph":[{"@type":"WebPage","@id":"https:\/\/parklexprodema.com\/es\/acceso-zona-tecnica\/","url":"https:\/\/parklexprodema.com\/es\/acceso-zona-tecnica\/","name":"Acceso Zona t\u00e9cnica &#8212; Parklex Prodema","isPartOf":{"@id":"https:\/\/parklexprodema.com\/es\/#website"},"datePublished":"2024-11-04T12:11:49+00:00","dateModified":"2025-02-11T11:38:20+00:00","breadcrumb":{"@id":"https:\/\/parklexprodema.com\/es\/acceso-zona-tecnica\/#breadcrumb"},"inLanguage":"es","potentialAction":[{"@type":"ReadAction","target":["https:\/\/parklexprodema.com\/es\/acceso-zona-tecnica\/"]}]},{"@type":"BreadcrumbList","@id":"https:\/\/parklexprodema.com\/es\/acceso-zona-tecnica\/#breadcrumb","itemListElement":[{"@type":"ListItem","position":1,"name":"Home","item":"https:\/\/parklexprodema.com\/es\/"},{"@type":"ListItem","position":2,"name":"Acceso Zona t\u00e9cnica"}]},{"@type":"WebSite","@id":"https:\/\/parklexprodema.com\/es\/#website","url":"https:\/\/parklexprodema.com\/es\/","name":"Parklex Prodema","description":"Revestimientos de Madera para la Arquitectura y el dise\u00f1o de interiores","publisher":{"@id":"https:\/\/parklexprodema.com\/es\/#organization"},"potentialAction":[{"@type":"SearchAction","target":{"@type":"EntryPoint","urlTemplate":"https:\/\/parklexprodema.com\/es\/?s={search_term_string}"},"query-input":{"@type":"PropertyValueSpecification","valueRequired":true,"valueName":"search_term_string"}}],"inLanguage":"es"},{"@type":"Organization","@id":"https:\/\/parklexprodema.com\/es\/#organization","name":"Parklex Prodema","url":"https:\/\/parklexprodema.com\/es\/","logo":{"@type":"ImageObject","inLanguage":"es","@id":"https:\/\/parklexprodema.com\/es\/#\/schema\/logo\/image\/","url":"https:\/\/parklexprodema.com\/wp-content\/uploads\/2023\/01\/ParklexProdema-Logo.png","contentUrl":"https:\/\/parklexprodema.com\/wp-content\/uploads\/2023\/01\/ParklexProdema-Logo.png","width":600,"height":155,"caption":"Parklex Prodema"},"image":{"@id":"https:\/\/parklexprodema.com\/es\/#\/schema\/logo\/image\/"},"sameAs":["https:\/\/www.facebook.com\/parklexprodema","https:\/\/www.instagram.com\/parklexprodema\/","https:\/\/www.linkedin.com\/company\/parklexprodema\/"]}]}},"_links":{"self":[{"href":"https:\/\/parklexprodema.com\/es\/wp-json\/wp\/v2\/pages\/63884","targetHints":{"allow":["GET"]}}],"collection":[{"href":"https:\/\/parklexprodema.com\/es\/wp-json\/wp\/v2\/pages"}],"about":[{"href":"https:\/\/parklexprodema.com\/es\/wp-json\/wp\/v2\/types\/page"}],"author":[{"embeddable":true,"href":"https:\/\/parklexprodema.com\/es\/wp-json\/wp\/v2\/users\/10000283"}],"replies":[{"embeddable":true,"href":"https:\/\/parklexprodema.com\/es\/wp-json\/wp\/v2\/comments?post=63884"}],"version-history":[{"count":25,"href":"https:\/\/parklexprodema.com\/es\/wp-json\/wp\/v2\/pages\/63884\/revisions"}],"predecessor-version":[{"id":64677,"href":"https:\/\/parklexprodema.com\/es\/wp-json\/wp\/v2\/pages\/63884\/revisions\/64677"}],"wp:attachment":[{"href":"https:\/\/parklexprodema.com\/es\/wp-json\/wp\/v2\/media?parent=63884"}],"curies":[{"name":"wp","href":"https:\/\/api.w.org\/{rel}","templated":true}]}}