{"id":2270,"date":"2021-04-28T09:08:09","date_gmt":"2021-04-28T09:08:09","guid":{"rendered":"http:\/\/parklexprodema.com\/legal-notice\/"},"modified":"2026-01-19T11:16:32","modified_gmt":"2026-01-19T10:16:32","slug":"aviso-legal","status":"publish","type":"page","link":"https:\/\/parklexprodema.com\/es\/aviso-legal\/","title":{"rendered":"Aviso Legal"},"content":{"rendered":"<h2 id=\"block-fe3ffd30-b96d-4dcf-80f6-d592f7e9b2a7\" class=\"block-editor-rich-text__editable block-editor-block-list__block wp-block rich-text\" tabindex=\"0\" role=\"group\" contenteditable=\"true\" aria-multiline=\"true\" aria-label=\"Block: Heading\" data-block=\"fe3ffd30-b96d-4dcf-80f6-d592f7e9b2a7\" data-type=\"core\/heading\" data-title=\"Heading\">1. Datos identificativos<\/h2>\n<p id=\"block-085a5de2-ce42-42f8-acff-cddd3d2319d3\" class=\"block-editor-rich-text__editable block-editor-block-list__block wp-block rich-text\" tabindex=\"0\" role=\"group\" contenteditable=\"true\" aria-multiline=\"true\" aria-label=\"Paragraph block\" data-block=\"085a5de2-ce42-42f8-acff-cddd3d2319d3\" data-type=\"core\/paragraph\" data-title=\"Paragraph\">La EMPRESA titular de \u00ab<a href=\"https:\/\/parklexprodema.com\/es\/\">www.parklexprodema.com<\/a>\u00bb es \u00abPARKLEX PRODEMA INT, S.L.\u00bb, con domicilio social en Barrio San Miguel, n9, 20.250 &#8211; Legorreta, con C.I.F B75170217 y cuyo correo electr\u00f3nico es <a href=\"mailto:prodema@parklexprodema.com\">parklexprodema@parklexprodema.com<\/a>.<\/p>\n<h2 id=\"block-b7c74782-6007-449d-9ed5-96beaf1f1029\" class=\"block-editor-rich-text__editable block-editor-block-list__block wp-block rich-text\" tabindex=\"0\" role=\"group\" contenteditable=\"true\" aria-multiline=\"true\" aria-label=\"Block: Heading\" data-block=\"b7c74782-6007-449d-9ed5-96beaf1f1029\" data-type=\"core\/heading\" data-title=\"Heading\">2. Propiedad intelectual de la web<\/h2>\n<p id=\"block-f13e0d1b-6f3e-4c95-a6aa-035285e2d6ac\" class=\"block-editor-rich-text__editable block-editor-block-list__block wp-block rich-text\" tabindex=\"0\" role=\"group\" contenteditable=\"true\" aria-multiline=\"true\" aria-label=\"Paragraph block\" data-block=\"f13e0d1b-6f3e-4c95-a6aa-035285e2d6ac\" data-type=\"core\/paragraph\" data-title=\"Paragraph\">Todos los derechos de propiedad intelectual del contenido de esta p\u00e1gina web, su dise\u00f1o gr\u00e1fico y sus c\u00f3digos fuente, son titularidad exclusiva de \u00abwww.parklexprodema.com\u00bb, correspondi\u00e9ndonos el ejercicio exclusivo de los derechos de explotaci\u00f3n de los mismos. Por tanto queda prohibida su reproducci\u00f3n, distribuci\u00f3n, comunicaci\u00f3n p\u00fablica y transformaci\u00f3n, total o parcial, sin la autorizaci\u00f3n expresa de \u00abPARKLEX PRODEMA INT, S.L\u00bb. Igualmente, todos los nombres comerciales, marcas o signos distintos de cualquier clase contenidos en este web site est\u00e1n protegidos por ley.<\/p>\n<h2 id=\"block-1f80fa15-f4ff-4b61-9532-1a92e2afae96\" class=\"block-editor-rich-text__editable block-editor-block-list__block wp-block rich-text\" tabindex=\"0\" role=\"group\" contenteditable=\"true\" aria-multiline=\"true\" aria-label=\"Block: Heading\" data-block=\"1f80fa15-f4ff-4b61-9532-1a92e2afae96\" data-type=\"core\/heading\" data-title=\"Heading\">3. Contenido de la web y enlaces<\/h2>\n<p id=\"block-0a6abc6c-d582-430c-a06a-c688bb893a74\" class=\"block-editor-rich-text__editable block-editor-block-list__block wp-block rich-text\" tabindex=\"0\" role=\"group\" contenteditable=\"true\" aria-multiline=\"true\" aria-label=\"Paragraph block\" data-block=\"0a6abc6c-d582-430c-a06a-c688bb893a74\" data-type=\"core\/paragraph\" data-title=\"Paragraph\">\u00abPARKLEX PRODEMA INT, S.L.\u00bb, no se responsabiliza del mal uso que se realice de los contenidos de nuestra p\u00e1gina web, siendo exclusiva responsabilidad de la persona que accede a ellos o los utiliza. Tampoco asume ninguna responsabilidad por la informaci\u00f3n contenida en las p\u00e1ginas web de terceros a las que se pueda acceder por enlaces o buscadores desde la p\u00e1gina web \u00abwww.parklexprodema.com\u00bb.<\/p>\n<h2 id=\"block-9fbe8ef0-6f5d-45d4-a4c5-b0c1addfdb10\" class=\"block-editor-rich-text__editable block-editor-block-list__block wp-block rich-text\" tabindex=\"0\" role=\"group\" contenteditable=\"true\" aria-multiline=\"true\" aria-label=\"Block: Heading\" data-block=\"9fbe8ef0-6f5d-45d4-a4c5-b0c1addfdb10\" data-type=\"core\/heading\" data-title=\"Heading\">4. Actualizaci\u00f3n y modificaci\u00f3n de la p\u00e1gina web<\/h2>\n<p>\u00abwww.parklexprodema.com\u00bb se reserva el derecho a actualizar, modificar o eliminar la informaci\u00f3n contenida en su web site, y la configuraci\u00f3n o presentaci\u00f3n del mismo, en cualquier momento, sin previo aviso, y sin asumir responsabilidad alguna por ello.<\/p>\n<h2 id=\"block-582e9010-6d8d-4e54-8d57-bd5171e5af79\" class=\"block-editor-rich-text__editable block-editor-block-list__block wp-block rich-text\" tabindex=\"0\" role=\"group\" contenteditable=\"true\" aria-multiline=\"true\" aria-label=\"Block: Heading\" data-block=\"582e9010-6d8d-4e54-8d57-bd5171e5af79\" data-type=\"core\/heading\" data-title=\"Heading\">5. Indicaciones sobre aspectos t\u00e9cnicos<\/h2>\n<p id=\"block-ac54e803-db31-4589-8d24-cfb39b84bd8d\" class=\"block-editor-rich-text__editable block-editor-block-list__block wp-block rich-text\" tabindex=\"0\" role=\"group\" contenteditable=\"true\" aria-multiline=\"true\" aria-label=\"Paragraph block\" data-block=\"ac54e803-db31-4589-8d24-cfb39b84bd8d\" data-type=\"core\/paragraph\" data-title=\"Paragraph\">\u00abPARKLEX PRODEMA INT, S.L.\u00bb no asume ninguna responsabilidad que se pueda derivar de problemas t\u00e9cnicos o fallos en los equipos inform\u00e1ticos, no imputables a nuestra Sociedad, que se produzcan durante la conexi\u00f3n a la red de Internet , as\u00ed como de da\u00f1os que pudieran ser causados por terceras personas mediante intromisiones ileg\u00edtimas fuera del control de \u00abwww.parklexprodema.com\u00bb. Tambi\u00e9n queda exonerado de toda responsabilidad ante posibles da\u00f1os o perjuicios que pueda sufrir el usuario a consecuencia de errores, defectos u omisiones en la informaci\u00f3n que facilitemos cuando proceda de fuentes ajenas a nosotros.<\/p>\n<h2 id=\"block-0e347c5d-5712-4126-941a-a95f8392b0d4\" class=\"block-editor-rich-text__editable block-editor-block-list__block wp-block rich-text\" tabindex=\"0\" role=\"group\" contenteditable=\"true\" aria-multiline=\"true\" aria-label=\"Block: Heading\" data-block=\"0e347c5d-5712-4126-941a-a95f8392b0d4\" data-type=\"core\/heading\" data-title=\"Heading\">6. Tratamiento de datos del usuario<\/h2>\n<p id=\"block-fe5b2dbd-1b97-420f-b59f-d101677b6400\" class=\"block-editor-rich-text__editable block-editor-block-list__block wp-block rich-text\" tabindex=\"0\" role=\"group\" contenteditable=\"true\" aria-multiline=\"true\" aria-label=\"Paragraph block\" data-block=\"fe5b2dbd-1b97-420f-b59f-d101677b6400\" data-type=\"core\/paragraph\" data-title=\"Paragraph\">En cumplimiento de lo establecido en la Ley Org\u00e1nica 15\/1999, de 13 de diciembre, de Protecci\u00f3n de Datos de Car\u00e1cter Personal, \u00abwww.parklexprodema.com\u00bb, informa a sus clientes de que cuantos datos personales le faciliten ser\u00e1n incluidos en un fichero automatizado de datos de car\u00e1cter personal, creado y mantenido bajo la responsabilidad de \u00abPARKLEX PRODEMA INT, S.L.\u00bb. La finalidad de dicho fichero es enviar ofertas comerciales en el futuro sobre productos y servicios que puedan resultar de inter\u00e9s a nuestros clientes. \u00abwww.parklexprodema.com\u00bb garantiza la seguridad y confidencialidad de los datos facilitados. De este modo, se compromete al cumplimiento de su obligaci\u00f3n de secreto de los datos de car\u00e1cter personal y de su deber de guardarlos y adoptar todas las medidas necesarias para evitar su alteraci\u00f3n, p\u00e9rdida, tratamiento o uso no autorizado. Por lo tanto, toda la informaci\u00f3n sobre nuestros clientes no ser\u00e1 utilizada con prop\u00f3sitos comerciales ni ser\u00e1 cedida a terceros. Los clientes\/usuarios de \u00abwww.parklexprodema.com\u00bb podr\u00e1n en todo momento ejercitar los derechos de acceso, rectificaci\u00f3n, cancelaci\u00f3n y oposici\u00f3n, comunic\u00e1ndolo por escrito a nuestra direcci\u00f3n de correo electr\u00f3nico: <a href=\"mailto:prodema@parklexprodema.com\">parklexprodema@parklexprodema.com<\/a>.<\/p>\n<h2 id=\"block-17535bd8-adfd-48a1-bd60-87043acba2db\" class=\"block-editor-rich-text__editable block-editor-block-list__block wp-block rich-text\" tabindex=\"0\" role=\"group\" contenteditable=\"true\" aria-multiline=\"true\" aria-label=\"Block: Heading\" data-block=\"17535bd8-adfd-48a1-bd60-87043acba2db\" data-type=\"core\/heading\" data-title=\"Heading\">7. Legislaci\u00f3n y jurisdicci\u00f3n aplicables<\/h2>\n<p id=\"block-598d1390-db6c-4cf7-803d-5c53731cb20d\" class=\"block-editor-rich-text__editable block-editor-block-list__block wp-block rich-text\" tabindex=\"0\" role=\"group\" contenteditable=\"true\" aria-multiline=\"true\" aria-label=\"Paragraph block\" data-block=\"598d1390-db6c-4cf7-803d-5c53731cb20d\" data-type=\"core\/paragraph\" data-title=\"Paragraph\">Con car\u00e1cter general, las relaciones con nuestros clientes, que se deriven de la prestaci\u00f3n de los servicios contenidos en nuestra web, est\u00e1n sometidas a la legislaci\u00f3n y la jurisdicci\u00f3n espa\u00f1ola. Los usuarios de nuestra web son conscientes de todo lo expuesto y lo aceptan voluntariamente. Si quieres hacer alg\u00fan comentario o sugerencia, puedes utilizar nuestro correo <a href=\"mailto:prodema@parklexprodema.com\">parklexprodema@parklexprodema.com<\/a>.<\/p>\n<ul id=\"block-d6230cc3-eb61-4c2c-abe8-833d62834c66\" class=\"block-editor-rich-text__editable block-editor-block-list__block wp-block rich-text\" tabindex=\"0\" role=\"group\" contenteditable=\"true\" aria-multiline=\"true\" aria-label=\"Block: List\" data-block=\"d6230cc3-eb61-4c2c-abe8-833d62834c66\" data-type=\"core\/list\" data-title=\"List\"><\/ul>\n<div class=\"block-list-appender wp-block\" tabindex=\"-1\"><\/div>\n","protected":false},"excerpt":{"rendered":"<p>1. Datos identificativos La EMPRESA titular de \u00abwww.parklexprodema.com\u00bb es \u00abPARKLEX PRODEMA INT, S.L.\u00bb, con domicilio social en Barrio San Miguel, n9, 20.250 &#8211; Legorreta, con C.I.F B75170217 y cuyo correo electr\u00f3nico es parklexprodema@parklexprodema.com. 2. Propiedad intelectual de la web Todos los derechos de propiedad intelectual del contenido de esta p\u00e1gina web, su dise\u00f1o gr\u00e1fico y [&hellip;]<\/p>\n","protected":false},"author":10000094,"featured_media":0,"parent":0,"menu_order":165,"comment_status":"closed","ping_status":"closed","template":"template-parts\/template-privacy.php","meta":{"_acf_changed":false,"inline_featured_image":false,"footnotes":""},"class_list":["post-2270","page","type-page","status-publish","hentry"],"acf":[],"yoast_head":"<!-- This site is optimized with the Yoast SEO plugin v27.0 - https:\/\/yoast.com\/product\/yoast-seo-wordpress\/ -->\n<title>Aviso Legal &#8212; Parklex Prodema<\/title>\n<meta name=\"robots\" content=\"index, follow, max-snippet:-1, max-image-preview:large, max-video-preview:-1\" \/>\n<link rel=\"canonical\" href=\"https:\/\/parklexprodema.com\/es\/aviso-legal\/\" \/>\n<meta property=\"og:locale\" content=\"es_ES\" \/>\n<meta property=\"og:type\" content=\"article\" \/>\n<meta property=\"og:title\" content=\"Aviso Legal &#8212; Parklex Prodema\" \/>\n<meta property=\"og:description\" content=\"1. Datos identificativos La EMPRESA titular de \u00abwww.parklexprodema.com\u00bb es \u00abPARKLEX PRODEMA INT, S.L.\u00bb, con domicilio social en Barrio San Miguel, n9, 20.250 &#8211; Legorreta, con C.I.F B75170217 y cuyo correo electr\u00f3nico es parklexprodema@parklexprodema.com. 2. Propiedad intelectual de la web Todos los derechos de propiedad intelectual del contenido de esta p\u00e1gina web, su dise\u00f1o gr\u00e1fico y [&hellip;]\" \/>\n<meta property=\"og:url\" content=\"https:\/\/parklexprodema.com\/es\/aviso-legal\/\" \/>\n<meta property=\"og:site_name\" content=\"Parklex Prodema\" \/>\n<meta property=\"article:publisher\" content=\"https:\/\/www.facebook.com\/parklexprodema\" \/>\n<meta property=\"article:modified_time\" content=\"2026-01-19T10:16:32+00:00\" \/>\n<meta name=\"twitter:card\" content=\"summary_large_image\" \/>\n<meta name=\"twitter:label1\" content=\"Tiempo de lectura\" \/>\n\t<meta name=\"twitter:data1\" content=\"3 minutos\" \/>\n<script type=\"application\/ld+json\" class=\"yoast-schema-graph\">{\"@context\":\"https:\/\/schema.org\",\"@graph\":[{\"@type\":\"WebPage\",\"@id\":\"https:\/\/parklexprodema.com\/es\/aviso-legal\/\",\"url\":\"https:\/\/parklexprodema.com\/es\/aviso-legal\/\",\"name\":\"Aviso Legal &#8212; Parklex Prodema\",\"isPartOf\":{\"@id\":\"https:\/\/parklexprodema.com\/es\/#website\"},\"datePublished\":\"2021-04-28T09:08:09+00:00\",\"dateModified\":\"2026-01-19T10:16:32+00:00\",\"breadcrumb\":{\"@id\":\"https:\/\/parklexprodema.com\/es\/aviso-legal\/#breadcrumb\"},\"inLanguage\":\"es\",\"potentialAction\":[{\"@type\":\"ReadAction\",\"target\":[\"https:\/\/parklexprodema.com\/es\/aviso-legal\/\"]}]},{\"@type\":\"BreadcrumbList\",\"@id\":\"https:\/\/parklexprodema.com\/es\/aviso-legal\/#breadcrumb\",\"itemListElement\":[{\"@type\":\"ListItem\",\"position\":1,\"name\":\"Home\",\"item\":\"https:\/\/parklexprodema.com\/es\/\"},{\"@type\":\"ListItem\",\"position\":2,\"name\":\"Aviso Legal\"}]},{\"@type\":\"WebSite\",\"@id\":\"https:\/\/parklexprodema.com\/es\/#website\",\"url\":\"https:\/\/parklexprodema.com\/es\/\",\"name\":\"Parklex Prodema\",\"description\":\"Revestimientos de Madera para la Arquitectura y el dise\u00f1o de interiores\",\"publisher\":{\"@id\":\"https:\/\/parklexprodema.com\/es\/#organization\"},\"potentialAction\":[{\"@type\":\"SearchAction\",\"target\":{\"@type\":\"EntryPoint\",\"urlTemplate\":\"https:\/\/parklexprodema.com\/es\/?s={search_term_string}\"},\"query-input\":{\"@type\":\"PropertyValueSpecification\",\"valueRequired\":true,\"valueName\":\"search_term_string\"}}],\"inLanguage\":\"es\"},{\"@type\":\"Organization\",\"@id\":\"https:\/\/parklexprodema.com\/es\/#organization\",\"name\":\"Parklex Prodema\",\"url\":\"https:\/\/parklexprodema.com\/es\/\",\"logo\":{\"@type\":\"ImageObject\",\"inLanguage\":\"es\",\"@id\":\"https:\/\/parklexprodema.com\/es\/#\/schema\/logo\/image\/\",\"url\":\"https:\/\/parklexprodema.com\/wp-content\/uploads\/2023\/01\/ParklexProdema-Logo.png\",\"contentUrl\":\"https:\/\/parklexprodema.com\/wp-content\/uploads\/2023\/01\/ParklexProdema-Logo.png\",\"width\":600,\"height\":155,\"caption\":\"Parklex Prodema\"},\"image\":{\"@id\":\"https:\/\/parklexprodema.com\/es\/#\/schema\/logo\/image\/\"},\"sameAs\":[\"https:\/\/www.facebook.com\/parklexprodema\",\"https:\/\/www.instagram.com\/parklexprodema\/\",\"https:\/\/www.linkedin.com\/company\/parklexprodema\/\"]}]}<\/script>\n<!-- \/ Yoast SEO plugin. -->","yoast_head_json":{"title":"Aviso Legal &#8212; Parklex Prodema","robots":{"index":"index","follow":"follow","max-snippet":"max-snippet:-1","max-image-preview":"max-image-preview:large","max-video-preview":"max-video-preview:-1"},"canonical":"https:\/\/parklexprodema.com\/es\/aviso-legal\/","og_locale":"es_ES","og_type":"article","og_title":"Aviso Legal &#8212; Parklex Prodema","og_description":"1. Datos identificativos La EMPRESA titular de \u00abwww.parklexprodema.com\u00bb es \u00abPARKLEX PRODEMA INT, S.L.\u00bb, con domicilio social en Barrio San Miguel, n9, 20.250 &#8211; Legorreta, con C.I.F B75170217 y cuyo correo electr\u00f3nico es parklexprodema@parklexprodema.com. 2. Propiedad intelectual de la web Todos los derechos de propiedad intelectual del contenido de esta p\u00e1gina web, su dise\u00f1o gr\u00e1fico y [&hellip;]","og_url":"https:\/\/parklexprodema.com\/es\/aviso-legal\/","og_site_name":"Parklex Prodema","article_publisher":"https:\/\/www.facebook.com\/parklexprodema","article_modified_time":"2026-01-19T10:16:32+00:00","twitter_card":"summary_large_image","twitter_misc":{"Tiempo de lectura":"3 minutos"},"schema":{"@context":"https:\/\/schema.org","@graph":[{"@type":"WebPage","@id":"https:\/\/parklexprodema.com\/es\/aviso-legal\/","url":"https:\/\/parklexprodema.com\/es\/aviso-legal\/","name":"Aviso Legal &#8212; Parklex Prodema","isPartOf":{"@id":"https:\/\/parklexprodema.com\/es\/#website"},"datePublished":"2021-04-28T09:08:09+00:00","dateModified":"2026-01-19T10:16:32+00:00","breadcrumb":{"@id":"https:\/\/parklexprodema.com\/es\/aviso-legal\/#breadcrumb"},"inLanguage":"es","potentialAction":[{"@type":"ReadAction","target":["https:\/\/parklexprodema.com\/es\/aviso-legal\/"]}]},{"@type":"BreadcrumbList","@id":"https:\/\/parklexprodema.com\/es\/aviso-legal\/#breadcrumb","itemListElement":[{"@type":"ListItem","position":1,"name":"Home","item":"https:\/\/parklexprodema.com\/es\/"},{"@type":"ListItem","position":2,"name":"Aviso Legal"}]},{"@type":"WebSite","@id":"https:\/\/parklexprodema.com\/es\/#website","url":"https:\/\/parklexprodema.com\/es\/","name":"Parklex Prodema","description":"Revestimientos de Madera para la Arquitectura y el dise\u00f1o de interiores","publisher":{"@id":"https:\/\/parklexprodema.com\/es\/#organization"},"potentialAction":[{"@type":"SearchAction","target":{"@type":"EntryPoint","urlTemplate":"https:\/\/parklexprodema.com\/es\/?s={search_term_string}"},"query-input":{"@type":"PropertyValueSpecification","valueRequired":true,"valueName":"search_term_string"}}],"inLanguage":"es"},{"@type":"Organization","@id":"https:\/\/parklexprodema.com\/es\/#organization","name":"Parklex Prodema","url":"https:\/\/parklexprodema.com\/es\/","logo":{"@type":"ImageObject","inLanguage":"es","@id":"https:\/\/parklexprodema.com\/es\/#\/schema\/logo\/image\/","url":"https:\/\/parklexprodema.com\/wp-content\/uploads\/2023\/01\/ParklexProdema-Logo.png","contentUrl":"https:\/\/parklexprodema.com\/wp-content\/uploads\/2023\/01\/ParklexProdema-Logo.png","width":600,"height":155,"caption":"Parklex Prodema"},"image":{"@id":"https:\/\/parklexprodema.com\/es\/#\/schema\/logo\/image\/"},"sameAs":["https:\/\/www.facebook.com\/parklexprodema","https:\/\/www.instagram.com\/parklexprodema\/","https:\/\/www.linkedin.com\/company\/parklexprodema\/"]}]}},"_links":{"self":[{"href":"https:\/\/parklexprodema.com\/es\/wp-json\/wp\/v2\/pages\/2270","targetHints":{"allow":["GET"]}}],"collection":[{"href":"https:\/\/parklexprodema.com\/es\/wp-json\/wp\/v2\/pages"}],"about":[{"href":"https:\/\/parklexprodema.com\/es\/wp-json\/wp\/v2\/types\/page"}],"author":[{"embeddable":true,"href":"https:\/\/parklexprodema.com\/es\/wp-json\/wp\/v2\/users\/10000094"}],"replies":[{"embeddable":true,"href":"https:\/\/parklexprodema.com\/es\/wp-json\/wp\/v2\/comments?post=2270"}],"version-history":[{"count":9,"href":"https:\/\/parklexprodema.com\/es\/wp-json\/wp\/v2\/pages\/2270\/revisions"}],"predecessor-version":[{"id":82083,"href":"https:\/\/parklexprodema.com\/es\/wp-json\/wp\/v2\/pages\/2270\/revisions\/82083"}],"wp:attachment":[{"href":"https:\/\/parklexprodema.com\/es\/wp-json\/wp\/v2\/media?parent=2270"}],"curies":[{"name":"wp","href":"https:\/\/api.w.org\/{rel}","templated":true}]}}