{"id":82307,"date":"2026-01-23T10:23:26","date_gmt":"2026-01-23T09:23:26","guid":{"rendered":"https:\/\/parklexprodema.com\/?page_id=82307"},"modified":"2026-01-23T10:23:27","modified_gmt":"2026-01-23T09:23:27","slug":"cookie-richtlinie","status":"publish","type":"page","link":"https:\/\/parklexprodema.com\/de\/cookie-richtlinie\/","title":{"rendered":"Cookie-Richtlinie"},"content":{"rendered":"<p>Diese Cookie-Richtlinie erkl\u00e4rt, was Cookies sind und wie unsere Website <a target=\"_blank\" rel=\"noreferrer noopener\" href=\"https:\/\/parklexprodema.com\/de\/\">https:\/\/parklexprodema.com\/<\/a> diese verwendet, welche Arten von Cookies wir einsetzen (d. h. welche Informationen wir \u00fcber sie sammeln und wie diese Informationen verwendet werden) und wie Sie Ihre Cookie-Einstellungen verwalten k\u00f6nnen.<\/p><p>Cookies sind kleine Textdateien, die dazu dienen, kleine Informationseinheiten zu speichern. Sie werden auf Ihrem Ger\u00e4t gespeichert, wenn die Website in Ihrem Browser geladen wird. Diese Cookies helfen uns, die ordnungsgem\u00e4\u00dfe Funktion der Website zu gew\u00e4hrleisten, sie sicherer zu machen, eine bessere Benutzererfahrung zu bieten und die Leistung der Website zu verstehen, indem wir analysieren, was funktioniert und wo Verbesserungen erforderlich sind.<\/p><p><strong>Wie verwenden wir Cookies?<\/strong> Wie die meisten Online-Dienste verwendet unsere Website First-Party-Cookies (eigene Cookies) und Third-Party-Cookies (Cookies von Drittanbietern) f\u00fcr verschiedene Zwecke. Eigene Cookies sind \u00fcberwiegend f\u00fcr das ordnungsgem\u00e4\u00dfe Funktionieren der Website erforderlich und sammeln keine Ihrer pers\u00f6nlich identifizierbaren Daten.<\/p><p>Die auf unserer Website verwendeten Cookies von Drittanbietern dienen in erster Linie dazu, die Leistung der Website zu verstehen und zu analysieren, wie Sie mit uns interagieren, unsere Dienste sicher zu halten, f\u00fcr Sie relevante Werbung anzuzeigen und Ihnen insgesamt eine bessere Benutzererfahrung zu bieten, um Ihre k\u00fcnftigen Interaktionen mit unserer Website zu beschleunigen.<\/p><p><strong>Technische Cookies:<\/strong> Diese Art von Cookies ist f\u00fcr das ordnungsgem\u00e4\u00dfe Funktionieren der Website erforderlich und sammelt keine Benutzerinformationen.<\/p><ul class=\"wp-block-list\"><li><strong>\u201elang\u201c Cookie:<\/strong> Speichert die bevorzugte Browsersprache des Nutzers.<\/li>\n\n<li><strong>\u201ePHPSESSID\u201c Cookie:<\/strong> Eindeutige Kennung der Nutzersitzung. Wird verwendet, um den Nutzer in Bereichen mit eingeschr\u00e4nktem Zugriff zu identifizieren.<\/li>\n\n<li><strong>Analyse-Cookies:<\/strong> Hierbei handelt es sich um Cookies, die anonyme statistische Daten \u00fcber die Navigationsbewegungen des Nutzers erfassen, um Besuchsberichte zu erstellen: <strong>__utma, __utmb, __utmc, __utmz<\/strong>: Cookies, die durch den Statistikdienst von Google Analytics generiert werden.<\/li><\/ul><p>Wenn Sie nicht m\u00f6chten, dass diese Cookies verwendet werden, k\u00f6nnen Sie Ihren Browser so konfigurieren, dass er sie deaktiviert. Verschiedene Browser bieten unterschiedliche Methoden zum Blockieren und L\u00f6schen von Cookies, die von Websites verwendet werden. Sie k\u00f6nnen die Einstellungen Ihres Browsers \u00e4ndern, um Cookies zu blockieren oder zu l\u00f6schen. Nachfolgend finden Sie Links zu den Support-Dokumenten der wichtigsten Webbrowser zur Verwaltung und L\u00f6schung von Cookies:<\/p><p>Chrome:&nbsp;<a href=\"https:\/\/support.google.com\/accounts\/answer\/32050\" target=\"_blank\" rel=\"noreferrer noopener\">https:\/\/support.google.com\/accounts\/answer\/32050<\/a><\/p><p>Safari:&nbsp;<a href=\"https:\/\/support.apple.com\/en-in\/guide\/safari\/sfri11471\/mac\" target=\"_blank\" rel=\"noreferrer noopener\">https:\/\/support.apple.com\/en-in\/guide\/safari\/sfri11471\/mac<\/a><\/p><p>Firefox:&nbsp;<a href=\"https:\/\/support.mozilla.org\/en-US\/kb\/clear-cookies-and-site-data-firefox?redirectslug=delete-cookies-remove-info-websites-stored&amp;redirectlocale=en-US\" target=\"_blank\" rel=\"noreferrer noopener\">https:\/\/support.mozilla.org\/en-US\/kb\/clear-cookies-and-site-data-firefox?redirectslug=delete-cookies-remove-info-websites-stored&amp;redirectlocale=en-US<\/a><\/p><p>Internet Explorer:&nbsp;<a href=\"https:\/\/support.microsoft.com\/en-us\/topic\/how-to-delete-cookie-files-in-internet-explorer-bca9446f-d873-78de-77ba-d42645fa52fc\" target=\"_blank\" rel=\"noreferrer noopener\">https:\/\/support.microsoft.com\/en-us\/topic\/how-to-delete-cookie-files-in-internet-explorer-bca9446f-d873-78de-77ba-d42645fa52fc<\/a><\/p><p>Wenn Sie einen anderen Webbrowser verwenden, besuchen Sie bitte die offiziellen Support-Dokumente Ihres Browsers.<\/p>","protected":false},"excerpt":{"rendered":"<p>Diese Cookie-Richtlinie erkl\u00e4rt, was Cookies sind und wie unsere Website https:\/\/parklexprodema.com\/ diese verwendet, welche Arten von Cookies wir einsetzen (d. h. welche Informationen wir \u00fcber sie sammeln und wie diese Informationen verwendet werden) und wie Sie Ihre Cookie-Einstellungen verwalten k\u00f6nnen. Cookies sind kleine Textdateien, die dazu dienen, kleine Informationseinheiten zu speichern. Sie werden auf Ihrem [&hellip;]<\/p>\n","protected":false},"author":10000252,"featured_media":0,"parent":0,"menu_order":6,"comment_status":"closed","ping_status":"closed","template":"template-parts\/template-privacy.php","meta":{"_acf_changed":false,"inline_featured_image":false,"footnotes":""},"class_list":["post-82307","page","type-page","status-publish","hentry"],"acf":[],"yoast_head":"<!-- This site is optimized with the Yoast SEO plugin v27.0 - https:\/\/yoast.com\/product\/yoast-seo-wordpress\/ -->\n<title>Cookie-Richtlinie &#8212; Parklex Prodema<\/title>\n<meta name=\"description\" content=\"Cookie-Richtlinie von Parklex Prodema: Erfahren Sie, wie wir Cookies verwenden, um Ihre Nutzererfahrung zu verbessern und wie Sie diese verwalten k\u00f6nnen\" \/>\n<meta name=\"robots\" content=\"index, follow, max-snippet:-1, max-image-preview:large, max-video-preview:-1\" \/>\n<link rel=\"canonical\" href=\"https:\/\/parklexprodema.com\/de\/cookie-richtlinie\/\" \/>\n<meta property=\"og:locale\" content=\"de_DE\" \/>\n<meta property=\"og:type\" content=\"article\" \/>\n<meta property=\"og:title\" content=\"Cookie-Richtlinie &#8212; Parklex Prodema\" \/>\n<meta property=\"og:description\" content=\"Cookie-Richtlinie von Parklex Prodema: Erfahren Sie, wie wir Cookies verwenden, um Ihre Nutzererfahrung zu verbessern und wie Sie diese verwalten k\u00f6nnen\" \/>\n<meta property=\"og:url\" content=\"https:\/\/parklexprodema.com\/de\/cookie-richtlinie\/\" \/>\n<meta property=\"og:site_name\" content=\"Parklex Prodema\" \/>\n<meta property=\"article:publisher\" content=\"https:\/\/www.facebook.com\/parklexprodema\" \/>\n<meta property=\"article:modified_time\" content=\"2026-01-23T09:23:27+00:00\" \/>\n<meta name=\"twitter:card\" content=\"summary_large_image\" \/>\n<meta name=\"twitter:label1\" content=\"Gesch\u00e4tzte Lesezeit\" \/>\n\t<meta name=\"twitter:data1\" content=\"2\u00a0Minuten\" \/>\n<script type=\"application\/ld+json\" class=\"yoast-schema-graph\">{\"@context\":\"https:\/\/schema.org\",\"@graph\":[{\"@type\":\"WebPage\",\"@id\":\"https:\/\/parklexprodema.com\/de\/cookie-richtlinie\/\",\"url\":\"https:\/\/parklexprodema.com\/de\/cookie-richtlinie\/\",\"name\":\"Cookie-Richtlinie &#8212; Parklex Prodema\",\"isPartOf\":{\"@id\":\"https:\/\/parklexprodema.com\/de\/#website\"},\"datePublished\":\"2026-01-23T09:23:26+00:00\",\"dateModified\":\"2026-01-23T09:23:27+00:00\",\"description\":\"Cookie-Richtlinie von Parklex Prodema: Erfahren Sie, wie wir Cookies verwenden, um Ihre Nutzererfahrung zu verbessern und wie Sie diese verwalten k\u00f6nnen\",\"breadcrumb\":{\"@id\":\"https:\/\/parklexprodema.com\/de\/cookie-richtlinie\/#breadcrumb\"},\"inLanguage\":\"de\",\"potentialAction\":[{\"@type\":\"ReadAction\",\"target\":[\"https:\/\/parklexprodema.com\/de\/cookie-richtlinie\/\"]}]},{\"@type\":\"BreadcrumbList\",\"@id\":\"https:\/\/parklexprodema.com\/de\/cookie-richtlinie\/#breadcrumb\",\"itemListElement\":[{\"@type\":\"ListItem\",\"position\":1,\"name\":\"Home\",\"item\":\"https:\/\/parklexprodema.com\/de\/\"},{\"@type\":\"ListItem\",\"position\":2,\"name\":\"Cookie-Richtlinie\"}]},{\"@type\":\"WebSite\",\"@id\":\"https:\/\/parklexprodema.com\/de\/#website\",\"url\":\"https:\/\/parklexprodema.com\/de\/\",\"name\":\"Parklex Prodema\",\"description\":\"Holzplatten f\u00fcr Architektur\",\"publisher\":{\"@id\":\"https:\/\/parklexprodema.com\/de\/#organization\"},\"potentialAction\":[{\"@type\":\"SearchAction\",\"target\":{\"@type\":\"EntryPoint\",\"urlTemplate\":\"https:\/\/parklexprodema.com\/de\/?s={search_term_string}\"},\"query-input\":{\"@type\":\"PropertyValueSpecification\",\"valueRequired\":true,\"valueName\":\"search_term_string\"}}],\"inLanguage\":\"de\"},{\"@type\":\"Organization\",\"@id\":\"https:\/\/parklexprodema.com\/de\/#organization\",\"name\":\"Parklex Prodema\",\"url\":\"https:\/\/parklexprodema.com\/de\/\",\"logo\":{\"@type\":\"ImageObject\",\"inLanguage\":\"de\",\"@id\":\"https:\/\/parklexprodema.com\/de\/#\/schema\/logo\/image\/\",\"url\":\"https:\/\/parklexprodema.com\/wp-content\/uploads\/2023\/01\/ParklexProdema-Logo.png\",\"contentUrl\":\"https:\/\/parklexprodema.com\/wp-content\/uploads\/2023\/01\/ParklexProdema-Logo.png\",\"width\":600,\"height\":155,\"caption\":\"Parklex Prodema\"},\"image\":{\"@id\":\"https:\/\/parklexprodema.com\/de\/#\/schema\/logo\/image\/\"},\"sameAs\":[\"https:\/\/www.facebook.com\/parklexprodema\",\"https:\/\/www.instagram.com\/parklexprodema\/\",\"https:\/\/www.linkedin.com\/company\/parklexprodema\/\"]}]}<\/script>\n<!-- \/ Yoast SEO plugin. -->","yoast_head_json":{"title":"Cookie-Richtlinie &#8212; Parklex Prodema","description":"Cookie-Richtlinie von Parklex Prodema: Erfahren Sie, wie wir Cookies verwenden, um Ihre Nutzererfahrung zu verbessern und wie Sie diese verwalten k\u00f6nnen","robots":{"index":"index","follow":"follow","max-snippet":"max-snippet:-1","max-image-preview":"max-image-preview:large","max-video-preview":"max-video-preview:-1"},"canonical":"https:\/\/parklexprodema.com\/de\/cookie-richtlinie\/","og_locale":"de_DE","og_type":"article","og_title":"Cookie-Richtlinie &#8212; Parklex Prodema","og_description":"Cookie-Richtlinie von Parklex Prodema: Erfahren Sie, wie wir Cookies verwenden, um Ihre Nutzererfahrung zu verbessern und wie Sie diese verwalten k\u00f6nnen","og_url":"https:\/\/parklexprodema.com\/de\/cookie-richtlinie\/","og_site_name":"Parklex Prodema","article_publisher":"https:\/\/www.facebook.com\/parklexprodema","article_modified_time":"2026-01-23T09:23:27+00:00","twitter_card":"summary_large_image","twitter_misc":{"Gesch\u00e4tzte Lesezeit":"2\u00a0Minuten"},"schema":{"@context":"https:\/\/schema.org","@graph":[{"@type":"WebPage","@id":"https:\/\/parklexprodema.com\/de\/cookie-richtlinie\/","url":"https:\/\/parklexprodema.com\/de\/cookie-richtlinie\/","name":"Cookie-Richtlinie &#8212; Parklex Prodema","isPartOf":{"@id":"https:\/\/parklexprodema.com\/de\/#website"},"datePublished":"2026-01-23T09:23:26+00:00","dateModified":"2026-01-23T09:23:27+00:00","description":"Cookie-Richtlinie von Parklex Prodema: Erfahren Sie, wie wir Cookies verwenden, um Ihre Nutzererfahrung zu verbessern und wie Sie diese verwalten k\u00f6nnen","breadcrumb":{"@id":"https:\/\/parklexprodema.com\/de\/cookie-richtlinie\/#breadcrumb"},"inLanguage":"de","potentialAction":[{"@type":"ReadAction","target":["https:\/\/parklexprodema.com\/de\/cookie-richtlinie\/"]}]},{"@type":"BreadcrumbList","@id":"https:\/\/parklexprodema.com\/de\/cookie-richtlinie\/#breadcrumb","itemListElement":[{"@type":"ListItem","position":1,"name":"Home","item":"https:\/\/parklexprodema.com\/de\/"},{"@type":"ListItem","position":2,"name":"Cookie-Richtlinie"}]},{"@type":"WebSite","@id":"https:\/\/parklexprodema.com\/de\/#website","url":"https:\/\/parklexprodema.com\/de\/","name":"Parklex Prodema","description":"Holzplatten f\u00fcr Architektur","publisher":{"@id":"https:\/\/parklexprodema.com\/de\/#organization"},"potentialAction":[{"@type":"SearchAction","target":{"@type":"EntryPoint","urlTemplate":"https:\/\/parklexprodema.com\/de\/?s={search_term_string}"},"query-input":{"@type":"PropertyValueSpecification","valueRequired":true,"valueName":"search_term_string"}}],"inLanguage":"de"},{"@type":"Organization","@id":"https:\/\/parklexprodema.com\/de\/#organization","name":"Parklex Prodema","url":"https:\/\/parklexprodema.com\/de\/","logo":{"@type":"ImageObject","inLanguage":"de","@id":"https:\/\/parklexprodema.com\/de\/#\/schema\/logo\/image\/","url":"https:\/\/parklexprodema.com\/wp-content\/uploads\/2023\/01\/ParklexProdema-Logo.png","contentUrl":"https:\/\/parklexprodema.com\/wp-content\/uploads\/2023\/01\/ParklexProdema-Logo.png","width":600,"height":155,"caption":"Parklex Prodema"},"image":{"@id":"https:\/\/parklexprodema.com\/de\/#\/schema\/logo\/image\/"},"sameAs":["https:\/\/www.facebook.com\/parklexprodema","https:\/\/www.instagram.com\/parklexprodema\/","https:\/\/www.linkedin.com\/company\/parklexprodema\/"]}]}},"_links":{"self":[{"href":"https:\/\/parklexprodema.com\/de\/wp-json\/wp\/v2\/pages\/82307","targetHints":{"allow":["GET"]}}],"collection":[{"href":"https:\/\/parklexprodema.com\/de\/wp-json\/wp\/v2\/pages"}],"about":[{"href":"https:\/\/parklexprodema.com\/de\/wp-json\/wp\/v2\/types\/page"}],"author":[{"embeddable":true,"href":"https:\/\/parklexprodema.com\/de\/wp-json\/wp\/v2\/users\/10000252"}],"replies":[{"embeddable":true,"href":"https:\/\/parklexprodema.com\/de\/wp-json\/wp\/v2\/comments?post=82307"}],"version-history":[{"count":1,"href":"https:\/\/parklexprodema.com\/de\/wp-json\/wp\/v2\/pages\/82307\/revisions"}],"predecessor-version":[{"id":82308,"href":"https:\/\/parklexprodema.com\/de\/wp-json\/wp\/v2\/pages\/82307\/revisions\/82308"}],"wp:attachment":[{"href":"https:\/\/parklexprodema.com\/de\/wp-json\/wp\/v2\/media?parent=82307"}],"curies":[{"name":"wp","href":"https:\/\/api.w.org\/{rel}","templated":true}]}}