{"id":77258,"date":"2025-09-15T08:14:11","date_gmt":"2025-09-15T06:14:11","guid":{"rendered":"https:\/\/parklexprodema.com\/?page_id=77258"},"modified":"2025-09-15T08:14:12","modified_gmt":"2025-09-15T06:14:12","slug":"home-september-2025","status":"publish","type":"page","link":"https:\/\/parklexprodema.com\/de\/","title":{"rendered":"Home September 2025"},"content":{"rendered":"","protected":false},"excerpt":{"rendered":"","protected":false},"author":10000095,"featured_media":77353,"parent":0,"menu_order":12,"comment_status":"closed","ping_status":"closed","template":"","meta":{"_acf_changed":false,"inline_featured_image":false,"footnotes":""},"class_list":["post-77258","page","type-page","status-publish","has-post-thumbnail","hentry"],"acf":[],"yoast_head":"<!-- This site is optimized with the Yoast SEO plugin v27.0 - https:\/\/yoast.com\/product\/yoast-seo-wordpress\/ -->\n<title>Platten mit Naturholz f\u00fcr Fassaden und Innenr\u00e4ume &#8212; Parklex Prodema<\/title>\n<meta name=\"description\" content=\"Nachhaltige und wartungsfreie Holzpaneele f\u00fcr die Architektur. Verkleidungen f\u00fcr bel\u00fcftete Fassaden und Holzverkleidungen, abgeh\u00e4ngte Decken und Parkett\" \/>\n<meta name=\"robots\" content=\"index, follow, max-snippet:-1, max-image-preview:large, max-video-preview:-1\" \/>\n<link rel=\"canonical\" href=\"https:\/\/parklexprodema.com\/de\/\" \/>\n<meta property=\"og:locale\" content=\"de_DE\" \/>\n<meta property=\"og:type\" content=\"article\" \/>\n<meta property=\"og:title\" content=\"Platten mit Naturholz f\u00fcr Fassaden und Innenr\u00e4ume &#8212; Parklex Prodema\" \/>\n<meta property=\"og:description\" content=\"Nachhaltige und wartungsfreie Holzpaneele f\u00fcr die Architektur. Verkleidungen f\u00fcr bel\u00fcftete Fassaden und Holzverkleidungen, abgeh\u00e4ngte Decken und Parkett\" \/>\n<meta property=\"og:url\" content=\"https:\/\/parklexprodema.com\/de\/\" \/>\n<meta property=\"og:site_name\" content=\"Parklex Prodema\" \/>\n<meta property=\"article:publisher\" content=\"https:\/\/www.facebook.com\/parklexprodema\" \/>\n<meta property=\"article:modified_time\" content=\"2025-09-15T06:14:12+00:00\" \/>\n<meta property=\"og:image\" content=\"https:\/\/parklexprodema.com\/wp-content\/uploads\/2025\/08\/Capture-decran-2025-08-25-a-13.52.42-1024x574.png\" \/>\n\t<meta property=\"og:image:width\" content=\"1024\" \/>\n\t<meta property=\"og:image:height\" content=\"574\" \/>\n\t<meta property=\"og:image:type\" content=\"image\/png\" \/>\n<meta name=\"twitter:card\" content=\"summary_large_image\" \/>\n<meta name=\"twitter:label1\" content=\"Gesch\u00e4tzte Lesezeit\" \/>\n\t<meta name=\"twitter:data1\" content=\"4\u00a0Minuten\" \/>\n<script type=\"application\/ld+json\" class=\"yoast-schema-graph\">{\"@context\":\"https:\/\/schema.org\",\"@graph\":[{\"@type\":\"WebPage\",\"@id\":\"https:\/\/parklexprodema.com\/de\/\",\"url\":\"https:\/\/parklexprodema.com\/de\/\",\"name\":\"Platten mit Naturholz f\u00fcr Fassaden und Innenr\u00e4ume &#8212; Parklex Prodema\",\"isPartOf\":{\"@id\":\"https:\/\/parklexprodema.com\/de\/#website\"},\"primaryImageOfPage\":{\"@id\":\"https:\/\/parklexprodema.com\/de\/#primaryimage\"},\"image\":{\"@id\":\"https:\/\/parklexprodema.com\/de\/#primaryimage\"},\"thumbnailUrl\":\"https:\/\/parklexprodema.com\/wp-content\/uploads\/2025\/08\/Capture-decran-2025-08-25-a-13.52.42.png\",\"datePublished\":\"2025-09-15T06:14:11+00:00\",\"dateModified\":\"2025-09-15T06:14:12+00:00\",\"description\":\"Nachhaltige und wartungsfreie Holzpaneele f\u00fcr die Architektur. Verkleidungen f\u00fcr bel\u00fcftete Fassaden und Holzverkleidungen, abgeh\u00e4ngte Decken und Parkett\",\"breadcrumb\":{\"@id\":\"https:\/\/parklexprodema.com\/de\/#breadcrumb\"},\"inLanguage\":\"de\",\"potentialAction\":[{\"@type\":\"ReadAction\",\"target\":[\"https:\/\/parklexprodema.com\/de\/\"]}]},{\"@type\":\"ImageObject\",\"inLanguage\":\"de\",\"@id\":\"https:\/\/parklexprodema.com\/de\/#primaryimage\",\"url\":\"https:\/\/parklexprodema.com\/wp-content\/uploads\/2025\/08\/Capture-decran-2025-08-25-a-13.52.42.png\",\"contentUrl\":\"https:\/\/parklexprodema.com\/wp-content\/uploads\/2025\/08\/Capture-decran-2025-08-25-a-13.52.42.png\",\"width\":2454,\"height\":1376},{\"@type\":\"BreadcrumbList\",\"@id\":\"https:\/\/parklexprodema.com\/de\/#breadcrumb\",\"itemListElement\":[{\"@type\":\"ListItem\",\"position\":1,\"name\":\"Home\",\"item\":\"https:\/\/parklexprodema.com\/de\/\"},{\"@type\":\"ListItem\",\"position\":2,\"name\":\"Home September 2025\"}]},{\"@type\":\"WebSite\",\"@id\":\"https:\/\/parklexprodema.com\/de\/#website\",\"url\":\"https:\/\/parklexprodema.com\/de\/\",\"name\":\"Parklex Prodema\",\"description\":\"Holzplatten f\u00fcr Architektur\",\"publisher\":{\"@id\":\"https:\/\/parklexprodema.com\/de\/#organization\"},\"potentialAction\":[{\"@type\":\"SearchAction\",\"target\":{\"@type\":\"EntryPoint\",\"urlTemplate\":\"https:\/\/parklexprodema.com\/de\/?s={search_term_string}\"},\"query-input\":{\"@type\":\"PropertyValueSpecification\",\"valueRequired\":true,\"valueName\":\"search_term_string\"}}],\"inLanguage\":\"de\"},{\"@type\":\"Organization\",\"@id\":\"https:\/\/parklexprodema.com\/de\/#organization\",\"name\":\"Parklex Prodema\",\"url\":\"https:\/\/parklexprodema.com\/de\/\",\"logo\":{\"@type\":\"ImageObject\",\"inLanguage\":\"de\",\"@id\":\"https:\/\/parklexprodema.com\/de\/#\/schema\/logo\/image\/\",\"url\":\"https:\/\/parklexprodema.com\/wp-content\/uploads\/2023\/01\/ParklexProdema-Logo.png\",\"contentUrl\":\"https:\/\/parklexprodema.com\/wp-content\/uploads\/2023\/01\/ParklexProdema-Logo.png\",\"width\":600,\"height\":155,\"caption\":\"Parklex Prodema\"},\"image\":{\"@id\":\"https:\/\/parklexprodema.com\/de\/#\/schema\/logo\/image\/\"},\"sameAs\":[\"https:\/\/www.facebook.com\/parklexprodema\",\"https:\/\/www.instagram.com\/parklexprodema\/\",\"https:\/\/www.linkedin.com\/company\/parklexprodema\/\"]}]}<\/script>\n<!-- \/ Yoast SEO plugin. -->","yoast_head_json":{"title":"Platten mit Naturholz f\u00fcr Fassaden und Innenr\u00e4ume &#8212; Parklex Prodema","description":"Nachhaltige und wartungsfreie Holzpaneele f\u00fcr die Architektur. Verkleidungen f\u00fcr bel\u00fcftete Fassaden und Holzverkleidungen, abgeh\u00e4ngte Decken und Parkett","robots":{"index":"index","follow":"follow","max-snippet":"max-snippet:-1","max-image-preview":"max-image-preview:large","max-video-preview":"max-video-preview:-1"},"canonical":"https:\/\/parklexprodema.com\/de\/","og_locale":"de_DE","og_type":"article","og_title":"Platten mit Naturholz f\u00fcr Fassaden und Innenr\u00e4ume &#8212; Parklex Prodema","og_description":"Nachhaltige und wartungsfreie Holzpaneele f\u00fcr die Architektur. Verkleidungen f\u00fcr bel\u00fcftete Fassaden und Holzverkleidungen, abgeh\u00e4ngte Decken und Parkett","og_url":"https:\/\/parklexprodema.com\/de\/","og_site_name":"Parklex Prodema","article_publisher":"https:\/\/www.facebook.com\/parklexprodema","article_modified_time":"2025-09-15T06:14:12+00:00","og_image":[{"width":1024,"height":574,"url":"https:\/\/parklexprodema.com\/wp-content\/uploads\/2025\/08\/Capture-decran-2025-08-25-a-13.52.42-1024x574.png","type":"image\/png"}],"twitter_card":"summary_large_image","twitter_misc":{"Gesch\u00e4tzte Lesezeit":"4\u00a0Minuten"},"schema":{"@context":"https:\/\/schema.org","@graph":[{"@type":"WebPage","@id":"https:\/\/parklexprodema.com\/de\/","url":"https:\/\/parklexprodema.com\/de\/","name":"Platten mit Naturholz f\u00fcr Fassaden und Innenr\u00e4ume &#8212; Parklex Prodema","isPartOf":{"@id":"https:\/\/parklexprodema.com\/de\/#website"},"primaryImageOfPage":{"@id":"https:\/\/parklexprodema.com\/de\/#primaryimage"},"image":{"@id":"https:\/\/parklexprodema.com\/de\/#primaryimage"},"thumbnailUrl":"https:\/\/parklexprodema.com\/wp-content\/uploads\/2025\/08\/Capture-decran-2025-08-25-a-13.52.42.png","datePublished":"2025-09-15T06:14:11+00:00","dateModified":"2025-09-15T06:14:12+00:00","description":"Nachhaltige und wartungsfreie Holzpaneele f\u00fcr die Architektur. Verkleidungen f\u00fcr bel\u00fcftete Fassaden und Holzverkleidungen, abgeh\u00e4ngte Decken und Parkett","breadcrumb":{"@id":"https:\/\/parklexprodema.com\/de\/#breadcrumb"},"inLanguage":"de","potentialAction":[{"@type":"ReadAction","target":["https:\/\/parklexprodema.com\/de\/"]}]},{"@type":"ImageObject","inLanguage":"de","@id":"https:\/\/parklexprodema.com\/de\/#primaryimage","url":"https:\/\/parklexprodema.com\/wp-content\/uploads\/2025\/08\/Capture-decran-2025-08-25-a-13.52.42.png","contentUrl":"https:\/\/parklexprodema.com\/wp-content\/uploads\/2025\/08\/Capture-decran-2025-08-25-a-13.52.42.png","width":2454,"height":1376},{"@type":"BreadcrumbList","@id":"https:\/\/parklexprodema.com\/de\/#breadcrumb","itemListElement":[{"@type":"ListItem","position":1,"name":"Home","item":"https:\/\/parklexprodema.com\/de\/"},{"@type":"ListItem","position":2,"name":"Home September 2025"}]},{"@type":"WebSite","@id":"https:\/\/parklexprodema.com\/de\/#website","url":"https:\/\/parklexprodema.com\/de\/","name":"Parklex Prodema","description":"Holzplatten f\u00fcr Architektur","publisher":{"@id":"https:\/\/parklexprodema.com\/de\/#organization"},"potentialAction":[{"@type":"SearchAction","target":{"@type":"EntryPoint","urlTemplate":"https:\/\/parklexprodema.com\/de\/?s={search_term_string}"},"query-input":{"@type":"PropertyValueSpecification","valueRequired":true,"valueName":"search_term_string"}}],"inLanguage":"de"},{"@type":"Organization","@id":"https:\/\/parklexprodema.com\/de\/#organization","name":"Parklex Prodema","url":"https:\/\/parklexprodema.com\/de\/","logo":{"@type":"ImageObject","inLanguage":"de","@id":"https:\/\/parklexprodema.com\/de\/#\/schema\/logo\/image\/","url":"https:\/\/parklexprodema.com\/wp-content\/uploads\/2023\/01\/ParklexProdema-Logo.png","contentUrl":"https:\/\/parklexprodema.com\/wp-content\/uploads\/2023\/01\/ParklexProdema-Logo.png","width":600,"height":155,"caption":"Parklex Prodema"},"image":{"@id":"https:\/\/parklexprodema.com\/de\/#\/schema\/logo\/image\/"},"sameAs":["https:\/\/www.facebook.com\/parklexprodema","https:\/\/www.instagram.com\/parklexprodema\/","https:\/\/www.linkedin.com\/company\/parklexprodema\/"]}]}},"_links":{"self":[{"href":"https:\/\/parklexprodema.com\/de\/wp-json\/wp\/v2\/pages\/77258","targetHints":{"allow":["GET"]}}],"collection":[{"href":"https:\/\/parklexprodema.com\/de\/wp-json\/wp\/v2\/pages"}],"about":[{"href":"https:\/\/parklexprodema.com\/de\/wp-json\/wp\/v2\/types\/page"}],"author":[{"embeddable":true,"href":"https:\/\/parklexprodema.com\/de\/wp-json\/wp\/v2\/users\/10000095"}],"replies":[{"embeddable":true,"href":"https:\/\/parklexprodema.com\/de\/wp-json\/wp\/v2\/comments?post=77258"}],"version-history":[{"count":4,"href":"https:\/\/parklexprodema.com\/de\/wp-json\/wp\/v2\/pages\/77258\/revisions"}],"predecessor-version":[{"id":77901,"href":"https:\/\/parklexprodema.com\/de\/wp-json\/wp\/v2\/pages\/77258\/revisions\/77901"}],"wp:featuredmedia":[{"embeddable":true,"href":"https:\/\/parklexprodema.com\/de\/wp-json\/wp\/v2\/media\/77353"}],"wp:attachment":[{"href":"https:\/\/parklexprodema.com\/de\/wp-json\/wp\/v2\/media?parent=77258"}],"curies":[{"name":"wp","href":"https:\/\/api.w.org\/{rel}","templated":true}]}}