{"id":6188,"date":"2021-04-28T09:08:09","date_gmt":"2021-04-28T09:08:09","guid":{"rendered":"http:\/\/parklexprodema.com\/legal-section\/"},"modified":"2026-01-23T10:17:28","modified_gmt":"2026-01-23T09:17:28","slug":"legal-section","status":"publish","type":"page","link":"https:\/\/parklexprodema.com\/de\/legal-section\/","title":{"rendered":"Rechtliche Hinweise"},"content":{"rendered":"<h2 class=\"wp-block-heading block-editor-rich-text__editable block-editor-block-list__block wp-block rich-text\" id=\"block-598d1390-db6c-4cf7-803d-5c53731cb20d\">1. Identifikationsdaten <\/h2><p class=\"block-editor-rich-text__editable block-editor-block-list__block wp-block rich-text\" id=\"block-598d1390-db6c-4cf7-803d-5c53731cb20d\">Das UNTERNEHMEN, das Eigent\u00fcmer von \u201e<a href=\"http:\/\/www.parklexprodema.com\">www.parklexprodema.com<\/a>\u201c ist, ist \u201ePARKLEX PRODEMA INT, S.L.\u201c mit Sitz in Barrio San Miguel, n9, 20.250 \u2013 Legorreta, mit der Steuernummer (C.I.F.) B75170209 und der E-Mail-Adresse <a href=\"mailto:parklexprodema@parklexprodema.com\">parklexprodema@parklexprodema.com<\/a> <\/p><h2 class=\"wp-block-heading\">2. Geistiges Eigentum der Website <\/h2><p>Alle geistigen Eigentumsrechte an den Inhalten dieser Website, ihrem grafischen Design und ihren Quellcodes sind ausschlie\u00dfliches Eigentum von \u201ewww.parklexprodema.com\u201c, welches die exklusiven Nutzungsrechte daran h\u00e4lt. Es ist daher untersagt, diese ohne ausdr\u00fcckliche Genehmigung von \u201ePARKLEX PRODEMA INT, S.L.\u201c ganz oder teilweise zu vervielf\u00e4ltigen, zu verbreiten, \u00f6ffentlich zu kommunizieren oder zu ver\u00e4ndern. Dar\u00fcber hinaus sind alle auf dieser Website enthaltenen Handelsnamen, Marken oder Unterscheidungsmerkmale gesetzlich gesch\u00fctzt.<\/p><h2 class=\"wp-block-heading\">3. Inhalte der Website und Links<\/h2><p>\u201ePARKLEX PRODEMA INT, S.L.\u201c \u00fcbernimmt keine Haftung f\u00fcr die missbr\u00e4uchliche Verwendung der Inhalte seiner Website; in einem solchen Fall liegt die Haftung ausschlie\u00dflich bei der Person, die auf diese Inhalte zugreift oder sie verwendet. Das Unternehmen \u00fcbernimmt auch keine Haftung f\u00fcr Informationen auf Websites Dritter, die \u00fcber Links oder Suchmaschinen von der Website \u201ewww.parklexprodema.com\u201c aus erreichbar sind.<\/p><h2 class=\"wp-block-heading\">4. Aktualisierungen oder \u00c4nderungen der Website <\/h2><p>\u201ewww.parklexprodema.com\u201c beh\u00e4lt sich das Recht vor, Informationen auf seiner Website, deren Konfiguration oder Pr\u00e4sentation jederzeit und ohne Vorank\u00fcndigung zu aktualisieren, zu \u00e4ndern oder zu entfernen, und \u00fcbernimmt hierf\u00fcr keinerlei Haftung.<\/p><h2 class=\"wp-block-heading\">5. Hinweise zu technischen Aspekten <\/h2><p>\u201ePARKLEX PRODEMA INT, S.L.\u201c \u00fcbernimmt keine Haftung f\u00fcr Aspekte, die sich aus technischen Problemen oder Fehlern an Computerger\u00e4ten ergeben k\u00f6nnten, die nicht unserem Unternehmen zuzurechnen sind und w\u00e4hrend der Verbindung mit dem Internet auftreten; gleiches gilt f\u00fcr Sch\u00e4den, die von Dritten durch unrechtm\u00e4\u00dfige Eingriffe au\u00dferhalb der Kontrolle von \u201ewww.parklexprodema.com\u201c verursacht werden k\u00f6nnten. Das Unternehmen ist zudem von jeglicher Haftung f\u00fcr Sch\u00e4den befreit, die dem Nutzer infolge von Fehlern, M\u00e4ngeln oder Auslassungen in den bereitgestellten Informationen entstehen, sofern diese Informationen aus anderen Quellen als unseren eigenen stammen.<\/p><h2 class=\"wp-block-heading\">6. Verarbeitung von Nutzerdaten <\/h2><p>Gem\u00e4\u00df dem Organgesetz 15\/1999 vom 13. Dezember \u00fcber den Schutz personenbezogener Daten informiert \u201ewww.parklexprodema.com\u201c seine Kunden dar\u00fcber, dass alle bereitgestellten Daten in eine automatisierte pers\u00f6nliche Datei aufgenommen werden, die unter der Verantwortung von \u201ePARKLEX PRODEMA INT, S.L.\u201c erstellt und gef\u00fchrt wird. Der Zweck dieser Datei besteht darin, unseren Kunden in Zukunft kommerzielle Angebote zu Produkten und Dienstleistungen zuzusenden, die f\u00fcr sie von Interesse sein k\u00f6nnten. \u201ewww.parklexprodema.com\u201c garantiert die Sicherheit und Vertraulichkeit der bereitgestellten Daten. Das Unternehmen verspricht daher, den vertraulichen Charakter dieser personenbezogenen Daten zu wahren, seiner Aufbewahrungspflicht nachzukommen und alle erforderlichen Schritte zu unternehmen, um deren \u00c4nderung, Verlust sowie unbefugte Verarbeitung oder Nutzung zu verhindern. Die von unseren Kunden bereitgestellten Informationen werden nicht f\u00fcr kommerzielle Zwecke an Dritte weitergegeben. Kunden\/Nutzer von \u201ewww.parklexprodema.com\u201c k\u00f6nnen jederzeit ihr Recht auf Auskunft, Berichtigung, L\u00f6schung und Widerspruch aus\u00fcben, indem sie an unsere E-Mail-Adresse schreiben: <a href=\"mailto:parklexprodema@parklexprodema.com\">parklexprodema@parklexprodema.com<\/a><\/p><h2 class=\"wp-block-heading\">7. Anwendbares Recht und Gerichtsstand <\/h2><p>Im Allgemeinen unterliegen die Beziehungen zu unseren Kunden, die sich aus der Erbringung der auf unserer Website enthaltenen Dienstleistungen ergeben, der spanischen Gesetzgebung und Gerichtsbarkeit. Die Nutzer unserer Website sind sich dessen bewusst und akzeptieren dies aus freiem Willen. Wenn Sie einen Kommentar oder Vorschlag machen m\u00f6chten, k\u00f6nnen Sie dies \u00fcber unsere E-Mail-Adresse <a href=\"mailto:parklexprodema@parklexprodema.com\">parklexprodema@parklexprodema.com<\/a> tun.<\/p><div class=\"block-list-appender wp-block\" tabindex=\"-1\">&nbsp;<\/div>","protected":false},"excerpt":{"rendered":"<p>1. Identifikationsdaten Das UNTERNEHMEN, das Eigent\u00fcmer von \u201ewww.parklexprodema.com\u201c ist, ist \u201ePARKLEX PRODEMA INT, S.L.\u201c mit Sitz in Barrio San Miguel, n9, 20.250 \u2013 Legorreta, mit der Steuernummer (C.I.F.) B75170209 und der E-Mail-Adresse parklexprodema@parklexprodema.com 2. Geistiges Eigentum der Website Alle geistigen Eigentumsrechte an den Inhalten dieser Website, ihrem grafischen Design und ihren Quellcodes sind ausschlie\u00dfliches Eigentum [&hellip;]<\/p>\n","protected":false},"author":10000094,"featured_media":0,"parent":0,"menu_order":168,"comment_status":"closed","ping_status":"closed","template":"template-parts\/template-privacy.php","meta":{"_acf_changed":false,"inline_featured_image":false,"footnotes":""},"class_list":["post-6188","page","type-page","status-publish","hentry"],"acf":[],"yoast_head":"<!-- This site is optimized with the Yoast SEO plugin v27.0 - https:\/\/yoast.com\/product\/yoast-seo-wordpress\/ -->\n<title>Rechtliche Hinweise &#8212; Parklex Prodema<\/title>\n<meta name=\"description\" content=\"Rechtliche Hinweise von Parklex Prodema: Informationen zu geistigem Eigentum, Haftungsausschluss, Datenschutz und geltendem Recht f\u00fcr unsere Website\" \/>\n<meta name=\"robots\" content=\"index, follow, max-snippet:-1, max-image-preview:large, max-video-preview:-1\" \/>\n<link rel=\"canonical\" href=\"https:\/\/parklexprodema.com\/de\/legal-section\/\" \/>\n<meta property=\"og:locale\" content=\"de_DE\" \/>\n<meta property=\"og:type\" content=\"article\" \/>\n<meta property=\"og:title\" content=\"Rechtliche Hinweise &#8212; Parklex Prodema\" \/>\n<meta property=\"og:description\" content=\"Rechtliche Hinweise von Parklex Prodema: Informationen zu geistigem Eigentum, Haftungsausschluss, Datenschutz und geltendem Recht f\u00fcr unsere Website\" \/>\n<meta property=\"og:url\" content=\"https:\/\/parklexprodema.com\/de\/legal-section\/\" \/>\n<meta property=\"og:site_name\" content=\"Parklex Prodema\" \/>\n<meta property=\"article:publisher\" content=\"https:\/\/www.facebook.com\/parklexprodema\" \/>\n<meta property=\"article:modified_time\" content=\"2026-01-23T09:17:28+00:00\" \/>\n<meta name=\"twitter:card\" content=\"summary_large_image\" \/>\n<meta name=\"twitter:label1\" content=\"Gesch\u00e4tzte Lesezeit\" \/>\n\t<meta name=\"twitter:data1\" content=\"3\u00a0Minuten\" \/>\n<script type=\"application\/ld+json\" class=\"yoast-schema-graph\">{\"@context\":\"https:\/\/schema.org\",\"@graph\":[{\"@type\":\"WebPage\",\"@id\":\"https:\/\/parklexprodema.com\/de\/legal-section\/\",\"url\":\"https:\/\/parklexprodema.com\/de\/legal-section\/\",\"name\":\"Rechtliche Hinweise &#8212; Parklex Prodema\",\"isPartOf\":{\"@id\":\"https:\/\/parklexprodema.com\/de\/#website\"},\"datePublished\":\"2021-04-28T09:08:09+00:00\",\"dateModified\":\"2026-01-23T09:17:28+00:00\",\"description\":\"Rechtliche Hinweise von Parklex Prodema: Informationen zu geistigem Eigentum, Haftungsausschluss, Datenschutz und geltendem Recht f\u00fcr unsere Website\",\"breadcrumb\":{\"@id\":\"https:\/\/parklexprodema.com\/de\/legal-section\/#breadcrumb\"},\"inLanguage\":\"de\",\"potentialAction\":[{\"@type\":\"ReadAction\",\"target\":[\"https:\/\/parklexprodema.com\/de\/legal-section\/\"]}]},{\"@type\":\"BreadcrumbList\",\"@id\":\"https:\/\/parklexprodema.com\/de\/legal-section\/#breadcrumb\",\"itemListElement\":[{\"@type\":\"ListItem\",\"position\":1,\"name\":\"Home\",\"item\":\"https:\/\/parklexprodema.com\/de\/\"},{\"@type\":\"ListItem\",\"position\":2,\"name\":\"Rechtliche Hinweise\"}]},{\"@type\":\"WebSite\",\"@id\":\"https:\/\/parklexprodema.com\/de\/#website\",\"url\":\"https:\/\/parklexprodema.com\/de\/\",\"name\":\"Parklex Prodema\",\"description\":\"Holzplatten f\u00fcr Architektur\",\"publisher\":{\"@id\":\"https:\/\/parklexprodema.com\/de\/#organization\"},\"potentialAction\":[{\"@type\":\"SearchAction\",\"target\":{\"@type\":\"EntryPoint\",\"urlTemplate\":\"https:\/\/parklexprodema.com\/de\/?s={search_term_string}\"},\"query-input\":{\"@type\":\"PropertyValueSpecification\",\"valueRequired\":true,\"valueName\":\"search_term_string\"}}],\"inLanguage\":\"de\"},{\"@type\":\"Organization\",\"@id\":\"https:\/\/parklexprodema.com\/de\/#organization\",\"name\":\"Parklex Prodema\",\"url\":\"https:\/\/parklexprodema.com\/de\/\",\"logo\":{\"@type\":\"ImageObject\",\"inLanguage\":\"de\",\"@id\":\"https:\/\/parklexprodema.com\/de\/#\/schema\/logo\/image\/\",\"url\":\"https:\/\/parklexprodema.com\/wp-content\/uploads\/2023\/01\/ParklexProdema-Logo.png\",\"contentUrl\":\"https:\/\/parklexprodema.com\/wp-content\/uploads\/2023\/01\/ParklexProdema-Logo.png\",\"width\":600,\"height\":155,\"caption\":\"Parklex Prodema\"},\"image\":{\"@id\":\"https:\/\/parklexprodema.com\/de\/#\/schema\/logo\/image\/\"},\"sameAs\":[\"https:\/\/www.facebook.com\/parklexprodema\",\"https:\/\/www.instagram.com\/parklexprodema\/\",\"https:\/\/www.linkedin.com\/company\/parklexprodema\/\"]}]}<\/script>\n<!-- \/ Yoast SEO plugin. -->","yoast_head_json":{"title":"Rechtliche Hinweise &#8212; Parklex Prodema","description":"Rechtliche Hinweise von Parklex Prodema: Informationen zu geistigem Eigentum, Haftungsausschluss, Datenschutz und geltendem Recht f\u00fcr unsere Website","robots":{"index":"index","follow":"follow","max-snippet":"max-snippet:-1","max-image-preview":"max-image-preview:large","max-video-preview":"max-video-preview:-1"},"canonical":"https:\/\/parklexprodema.com\/de\/legal-section\/","og_locale":"de_DE","og_type":"article","og_title":"Rechtliche Hinweise &#8212; Parklex Prodema","og_description":"Rechtliche Hinweise von Parklex Prodema: Informationen zu geistigem Eigentum, Haftungsausschluss, Datenschutz und geltendem Recht f\u00fcr unsere Website","og_url":"https:\/\/parklexprodema.com\/de\/legal-section\/","og_site_name":"Parklex Prodema","article_publisher":"https:\/\/www.facebook.com\/parklexprodema","article_modified_time":"2026-01-23T09:17:28+00:00","twitter_card":"summary_large_image","twitter_misc":{"Gesch\u00e4tzte Lesezeit":"3\u00a0Minuten"},"schema":{"@context":"https:\/\/schema.org","@graph":[{"@type":"WebPage","@id":"https:\/\/parklexprodema.com\/de\/legal-section\/","url":"https:\/\/parklexprodema.com\/de\/legal-section\/","name":"Rechtliche Hinweise &#8212; Parklex Prodema","isPartOf":{"@id":"https:\/\/parklexprodema.com\/de\/#website"},"datePublished":"2021-04-28T09:08:09+00:00","dateModified":"2026-01-23T09:17:28+00:00","description":"Rechtliche Hinweise von Parklex Prodema: Informationen zu geistigem Eigentum, Haftungsausschluss, Datenschutz und geltendem Recht f\u00fcr unsere Website","breadcrumb":{"@id":"https:\/\/parklexprodema.com\/de\/legal-section\/#breadcrumb"},"inLanguage":"de","potentialAction":[{"@type":"ReadAction","target":["https:\/\/parklexprodema.com\/de\/legal-section\/"]}]},{"@type":"BreadcrumbList","@id":"https:\/\/parklexprodema.com\/de\/legal-section\/#breadcrumb","itemListElement":[{"@type":"ListItem","position":1,"name":"Home","item":"https:\/\/parklexprodema.com\/de\/"},{"@type":"ListItem","position":2,"name":"Rechtliche Hinweise"}]},{"@type":"WebSite","@id":"https:\/\/parklexprodema.com\/de\/#website","url":"https:\/\/parklexprodema.com\/de\/","name":"Parklex Prodema","description":"Holzplatten f\u00fcr Architektur","publisher":{"@id":"https:\/\/parklexprodema.com\/de\/#organization"},"potentialAction":[{"@type":"SearchAction","target":{"@type":"EntryPoint","urlTemplate":"https:\/\/parklexprodema.com\/de\/?s={search_term_string}"},"query-input":{"@type":"PropertyValueSpecification","valueRequired":true,"valueName":"search_term_string"}}],"inLanguage":"de"},{"@type":"Organization","@id":"https:\/\/parklexprodema.com\/de\/#organization","name":"Parklex Prodema","url":"https:\/\/parklexprodema.com\/de\/","logo":{"@type":"ImageObject","inLanguage":"de","@id":"https:\/\/parklexprodema.com\/de\/#\/schema\/logo\/image\/","url":"https:\/\/parklexprodema.com\/wp-content\/uploads\/2023\/01\/ParklexProdema-Logo.png","contentUrl":"https:\/\/parklexprodema.com\/wp-content\/uploads\/2023\/01\/ParklexProdema-Logo.png","width":600,"height":155,"caption":"Parklex Prodema"},"image":{"@id":"https:\/\/parklexprodema.com\/de\/#\/schema\/logo\/image\/"},"sameAs":["https:\/\/www.facebook.com\/parklexprodema","https:\/\/www.instagram.com\/parklexprodema\/","https:\/\/www.linkedin.com\/company\/parklexprodema\/"]}]}},"_links":{"self":[{"href":"https:\/\/parklexprodema.com\/de\/wp-json\/wp\/v2\/pages\/6188","targetHints":{"allow":["GET"]}}],"collection":[{"href":"https:\/\/parklexprodema.com\/de\/wp-json\/wp\/v2\/pages"}],"about":[{"href":"https:\/\/parklexprodema.com\/de\/wp-json\/wp\/v2\/types\/page"}],"author":[{"embeddable":true,"href":"https:\/\/parklexprodema.com\/de\/wp-json\/wp\/v2\/users\/10000094"}],"replies":[{"embeddable":true,"href":"https:\/\/parklexprodema.com\/de\/wp-json\/wp\/v2\/comments?post=6188"}],"version-history":[{"count":6,"href":"https:\/\/parklexprodema.com\/de\/wp-json\/wp\/v2\/pages\/6188\/revisions"}],"predecessor-version":[{"id":82306,"href":"https:\/\/parklexprodema.com\/de\/wp-json\/wp\/v2\/pages\/6188\/revisions\/82306"}],"wp:attachment":[{"href":"https:\/\/parklexprodema.com\/de\/wp-json\/wp\/v2\/media?parent=6188"}],"curies":[{"name":"wp","href":"https:\/\/api.w.org\/{rel}","templated":true}]}}