{"id":6177,"date":"2021-12-09T14:01:49","date_gmt":"2021-12-09T14:01:49","guid":{"rendered":"http:\/\/parklexprodema.com\/contact-form\/"},"modified":"2024-11-25T12:46:35","modified_gmt":"2024-11-25T11:46:35","slug":"kontakt","status":"publish","type":"page","link":"https:\/\/parklexprodema.com\/de\/kontakt\/","title":{"rendered":"Kontakt"},"content":{"rendered":"","protected":false},"excerpt":{"rendered":"","protected":false},"author":10000094,"featured_media":0,"parent":0,"menu_order":154,"comment_status":"closed","ping_status":"closed","template":"template-parts\/template-contact.php","meta":{"_acf_changed":false,"inline_featured_image":false,"footnotes":""},"class_list":["post-6177","page","type-page","status-publish","hentry"],"acf":[],"yoast_head":"<!-- This site is optimized with the Yoast SEO plugin v27.0 - https:\/\/yoast.com\/product\/yoast-seo-wordpress\/ -->\n<title>Kontakt &#8212; Parklex Prodema<\/title>\n<meta name=\"description\" content=\"Suchen Sie Naturholz f\u00fcr Fassaden, B\u00f6den und Innenr\u00e4ume? Kontaktieren Sie uns. Wir werden uns so schnell wie m\u00f6glich bei Ihnen melden.\" \/>\n<meta name=\"robots\" content=\"index, follow, max-snippet:-1, max-image-preview:large, max-video-preview:-1\" \/>\n<link rel=\"canonical\" href=\"https:\/\/parklexprodema.com\/de\/kontakt\/\" \/>\n<meta property=\"og:locale\" content=\"de_DE\" \/>\n<meta property=\"og:type\" content=\"article\" \/>\n<meta property=\"og:title\" content=\"Kontakt &#8212; Parklex Prodema\" \/>\n<meta property=\"og:description\" content=\"Suchen Sie Naturholz f\u00fcr Fassaden, B\u00f6den und Innenr\u00e4ume? Kontaktieren Sie uns. Wir werden uns so schnell wie m\u00f6glich bei Ihnen melden.\" \/>\n<meta property=\"og:url\" content=\"https:\/\/parklexprodema.com\/de\/kontakt\/\" \/>\n<meta property=\"og:site_name\" content=\"Parklex Prodema\" \/>\n<meta property=\"article:publisher\" content=\"https:\/\/www.facebook.com\/parklexprodema\" \/>\n<meta property=\"article:modified_time\" content=\"2024-11-25T11:46:35+00:00\" \/>\n<meta name=\"twitter:card\" content=\"summary_large_image\" \/>\n<script type=\"application\/ld+json\" class=\"yoast-schema-graph\">{\"@context\":\"https:\/\/schema.org\",\"@graph\":[{\"@type\":[\"WebPage\",\"ContactPage\"],\"@id\":\"https:\/\/parklexprodema.com\/de\/kontakt\/\",\"url\":\"https:\/\/parklexprodema.com\/de\/kontakt\/\",\"name\":\"Kontakt &#8212; Parklex Prodema\",\"isPartOf\":{\"@id\":\"https:\/\/parklexprodema.com\/de\/#website\"},\"datePublished\":\"2021-12-09T14:01:49+00:00\",\"dateModified\":\"2024-11-25T11:46:35+00:00\",\"description\":\"Suchen Sie Naturholz f\u00fcr Fassaden, B\u00f6den und Innenr\u00e4ume? Kontaktieren Sie uns. Wir werden uns so schnell wie m\u00f6glich bei Ihnen melden.\",\"breadcrumb\":{\"@id\":\"https:\/\/parklexprodema.com\/de\/kontakt\/#breadcrumb\"},\"inLanguage\":\"de\",\"potentialAction\":[{\"@type\":\"ReadAction\",\"target\":[\"https:\/\/parklexprodema.com\/de\/kontakt\/\"]}]},{\"@type\":\"BreadcrumbList\",\"@id\":\"https:\/\/parklexprodema.com\/de\/kontakt\/#breadcrumb\",\"itemListElement\":[{\"@type\":\"ListItem\",\"position\":1,\"name\":\"Home\",\"item\":\"https:\/\/parklexprodema.com\/de\/\"},{\"@type\":\"ListItem\",\"position\":2,\"name\":\"Kontakt\"}]},{\"@type\":\"WebSite\",\"@id\":\"https:\/\/parklexprodema.com\/de\/#website\",\"url\":\"https:\/\/parklexprodema.com\/de\/\",\"name\":\"Parklex Prodema\",\"description\":\"Holzplatten f\u00fcr Architektur\",\"publisher\":{\"@id\":\"https:\/\/parklexprodema.com\/de\/#organization\"},\"potentialAction\":[{\"@type\":\"SearchAction\",\"target\":{\"@type\":\"EntryPoint\",\"urlTemplate\":\"https:\/\/parklexprodema.com\/de\/?s={search_term_string}\"},\"query-input\":{\"@type\":\"PropertyValueSpecification\",\"valueRequired\":true,\"valueName\":\"search_term_string\"}}],\"inLanguage\":\"de\"},{\"@type\":\"Organization\",\"@id\":\"https:\/\/parklexprodema.com\/de\/#organization\",\"name\":\"Parklex Prodema\",\"url\":\"https:\/\/parklexprodema.com\/de\/\",\"logo\":{\"@type\":\"ImageObject\",\"inLanguage\":\"de\",\"@id\":\"https:\/\/parklexprodema.com\/de\/#\/schema\/logo\/image\/\",\"url\":\"https:\/\/parklexprodema.com\/wp-content\/uploads\/2023\/01\/ParklexProdema-Logo.png\",\"contentUrl\":\"https:\/\/parklexprodema.com\/wp-content\/uploads\/2023\/01\/ParklexProdema-Logo.png\",\"width\":600,\"height\":155,\"caption\":\"Parklex Prodema\"},\"image\":{\"@id\":\"https:\/\/parklexprodema.com\/de\/#\/schema\/logo\/image\/\"},\"sameAs\":[\"https:\/\/www.facebook.com\/parklexprodema\",\"https:\/\/www.instagram.com\/parklexprodema\/\",\"https:\/\/www.linkedin.com\/company\/parklexprodema\/\"]}]}<\/script>\n<!-- \/ Yoast SEO plugin. -->","yoast_head_json":{"title":"Kontakt &#8212; Parklex Prodema","description":"Suchen Sie Naturholz f\u00fcr Fassaden, B\u00f6den und Innenr\u00e4ume? Kontaktieren Sie uns. Wir werden uns so schnell wie m\u00f6glich bei Ihnen melden.","robots":{"index":"index","follow":"follow","max-snippet":"max-snippet:-1","max-image-preview":"max-image-preview:large","max-video-preview":"max-video-preview:-1"},"canonical":"https:\/\/parklexprodema.com\/de\/kontakt\/","og_locale":"de_DE","og_type":"article","og_title":"Kontakt &#8212; Parklex Prodema","og_description":"Suchen Sie Naturholz f\u00fcr Fassaden, B\u00f6den und Innenr\u00e4ume? Kontaktieren Sie uns. Wir werden uns so schnell wie m\u00f6glich bei Ihnen melden.","og_url":"https:\/\/parklexprodema.com\/de\/kontakt\/","og_site_name":"Parklex Prodema","article_publisher":"https:\/\/www.facebook.com\/parklexprodema","article_modified_time":"2024-11-25T11:46:35+00:00","twitter_card":"summary_large_image","schema":{"@context":"https:\/\/schema.org","@graph":[{"@type":["WebPage","ContactPage"],"@id":"https:\/\/parklexprodema.com\/de\/kontakt\/","url":"https:\/\/parklexprodema.com\/de\/kontakt\/","name":"Kontakt &#8212; Parklex Prodema","isPartOf":{"@id":"https:\/\/parklexprodema.com\/de\/#website"},"datePublished":"2021-12-09T14:01:49+00:00","dateModified":"2024-11-25T11:46:35+00:00","description":"Suchen Sie Naturholz f\u00fcr Fassaden, B\u00f6den und Innenr\u00e4ume? Kontaktieren Sie uns. Wir werden uns so schnell wie m\u00f6glich bei Ihnen melden.","breadcrumb":{"@id":"https:\/\/parklexprodema.com\/de\/kontakt\/#breadcrumb"},"inLanguage":"de","potentialAction":[{"@type":"ReadAction","target":["https:\/\/parklexprodema.com\/de\/kontakt\/"]}]},{"@type":"BreadcrumbList","@id":"https:\/\/parklexprodema.com\/de\/kontakt\/#breadcrumb","itemListElement":[{"@type":"ListItem","position":1,"name":"Home","item":"https:\/\/parklexprodema.com\/de\/"},{"@type":"ListItem","position":2,"name":"Kontakt"}]},{"@type":"WebSite","@id":"https:\/\/parklexprodema.com\/de\/#website","url":"https:\/\/parklexprodema.com\/de\/","name":"Parklex Prodema","description":"Holzplatten f\u00fcr Architektur","publisher":{"@id":"https:\/\/parklexprodema.com\/de\/#organization"},"potentialAction":[{"@type":"SearchAction","target":{"@type":"EntryPoint","urlTemplate":"https:\/\/parklexprodema.com\/de\/?s={search_term_string}"},"query-input":{"@type":"PropertyValueSpecification","valueRequired":true,"valueName":"search_term_string"}}],"inLanguage":"de"},{"@type":"Organization","@id":"https:\/\/parklexprodema.com\/de\/#organization","name":"Parklex Prodema","url":"https:\/\/parklexprodema.com\/de\/","logo":{"@type":"ImageObject","inLanguage":"de","@id":"https:\/\/parklexprodema.com\/de\/#\/schema\/logo\/image\/","url":"https:\/\/parklexprodema.com\/wp-content\/uploads\/2023\/01\/ParklexProdema-Logo.png","contentUrl":"https:\/\/parklexprodema.com\/wp-content\/uploads\/2023\/01\/ParklexProdema-Logo.png","width":600,"height":155,"caption":"Parklex Prodema"},"image":{"@id":"https:\/\/parklexprodema.com\/de\/#\/schema\/logo\/image\/"},"sameAs":["https:\/\/www.facebook.com\/parklexprodema","https:\/\/www.instagram.com\/parklexprodema\/","https:\/\/www.linkedin.com\/company\/parklexprodema\/"]}]}},"_links":{"self":[{"href":"https:\/\/parklexprodema.com\/de\/wp-json\/wp\/v2\/pages\/6177","targetHints":{"allow":["GET"]}}],"collection":[{"href":"https:\/\/parklexprodema.com\/de\/wp-json\/wp\/v2\/pages"}],"about":[{"href":"https:\/\/parklexprodema.com\/de\/wp-json\/wp\/v2\/types\/page"}],"author":[{"embeddable":true,"href":"https:\/\/parklexprodema.com\/de\/wp-json\/wp\/v2\/users\/10000094"}],"replies":[{"embeddable":true,"href":"https:\/\/parklexprodema.com\/de\/wp-json\/wp\/v2\/comments?post=6177"}],"version-history":[{"count":5,"href":"https:\/\/parklexprodema.com\/de\/wp-json\/wp\/v2\/pages\/6177\/revisions"}],"predecessor-version":[{"id":64946,"href":"https:\/\/parklexprodema.com\/de\/wp-json\/wp\/v2\/pages\/6177\/revisions\/64946"}],"wp:attachment":[{"href":"https:\/\/parklexprodema.com\/de\/wp-json\/wp\/v2\/media?parent=6177"}],"curies":[{"name":"wp","href":"https:\/\/api.w.org\/{rel}","templated":true}]}}